{"id":6601,"date":"2018-01-23T21:14:06","date_gmt":"2018-01-23T21:14:06","guid":{"rendered":"https:\/\/savokusic.com\/prodaja\/?post_type=product&#038;p=6601"},"modified":"2022-08-23T09:02:06","modified_gmt":"2022-08-23T08:02:06","slug":"booster","status":"publish","type":"product","link":"https:\/\/savokusic.com\/prodaja\/proizvod\/booster\/","title":{"rendered":"Booster"},"content":{"rendered":"<p><span style=\"text-decoration: underline;\"><strong style=\"font-size: medium;\">Menad\u017eerska stolica Booster<\/strong><\/span><\/p>\n<table>\n<tbody>\n<tr>\n<td width=\"301\">\n<p style=\"text-align: center;\"><strong><span style=\"font-size: medium;\">Baza<\/span><\/strong><\/p>\n<\/td>\n<td width=\"301\">\n<ul>\n<li>Metalna osnova sa plasti\u010dnim poklopcima<\/li>\n<\/ul>\n<\/td>\n<\/tr>\n<tr>\n<td width=\"301\">\n<p style=\"text-align: center;\"><strong><span style=\"font-size: medium;\">Mehanizam<\/span><\/strong><\/p>\n<\/td>\n<td width=\"301\">\n<ul>\n<li>Model je opremljen zup\u010dastim mehanizmom<\/li>\n<\/ul>\n<\/td>\n<\/tr>\n<tr>\n<td width=\"301\">\n<p style=\"text-align: center;\"><strong><span style=\"font-size: medium;\">Naslon za ruke<\/span><\/strong><\/p>\n<\/td>\n<td width=\"301\">\n<ul>\n<li>Plasti\u010dni nasloni za ruke<\/li>\n<\/ul>\n<\/td>\n<\/tr>\n<tr>\n<td width=\"301\">\n<p style=\"text-align: center;\"><strong><span style=\"font-size: medium;\">Ostalo<\/span><\/strong><\/p>\n<\/td>\n<td width=\"301\">\n<ul>\n<li>Predla\u017eu se dva tipa valjaka: za tvrde povr\u0161ine i tepihe<\/li>\n<\/ul>\n<\/td>\n<\/tr>\n<tr>\n<td width=\"301\">\n<p style=\"text-align: center;\"><strong><span style=\"font-size: medium;\">Sedi\u0161te<\/span><\/strong><\/p>\n<\/td>\n<td width=\"301\">\n<ul>\n<li>Mekano tapacirano sedi\u0161te ima drvenu osnovu i podesivo je u visini<\/li>\n<\/ul>\n<\/td>\n<\/tr>\n<tr>\n<td width=\"301\">\n<p style=\"text-align: center;\"><strong><span style=\"font-size: medium;\">Naslon<\/span><\/strong><\/p>\n<\/td>\n<td width=\"301\">\n<ul>\n<li>Mekani tapacirani naslon je izra\u0111en na bazi zavarenog metalnog okvira<\/li>\n<\/ul>\n<\/td>\n<\/tr>\n<tr>\n<td width=\"301\">\n<p style=\"text-align: center;\"><strong>Rok dostave<\/strong><\/p>\n<\/td>\n<td width=\"301\">\n<div>Rok dostave za boje ECO 30, ECO 28, ECO 45 i ECO 72 je 10-15 dana.<\/div>\n<div><\/div>\n<div>Rok dostave za ostale boje do 25 dana.<\/div>\n<\/td>\n<\/tr>\n<\/tbody>\n<\/table>\n<div><\/div>\n<p>&nbsp;<\/p>\n","protected":false},"excerpt":{"rendered":"<p>Menad\u017eerska stolica Booster Baza Metalna osnova sa plasti\u010dnim poklopcima Mehanizam Model je opremljen zup\u010dastim mehanizmom Naslon za ruke Plasti\u010dni nasloni za ruke Ostalo Predla\u017eu se dva tipa valjaka: za tvrde povr\u0161ine i tepihe Sedi\u0161te Mekano tapacirano sedi\u0161te ima drvenu osnovu i podesivo je u visini Naslon Mekani tapacirani naslon je izra\u0111en na bazi zavarenog metalnog [&hellip;]<\/p>\n","protected":false},"featured_media":30872,"comment_status":"open","ping_status":"closed","template":"","meta":[],"product_brand":[],"product_cat":[231,241,238],"product_tag":[],"class_list":{"0":"post-6601","1":"product","2":"type-product","3":"status-publish","4":"has-post-thumbnail","6":"product_cat-kancelarija","7":"product_cat-menadzerske-stolice","8":"product_cat-stolice-2","9":"pa_basis-metal-oblozen-plastikom","10":"pa_eko-koza-eco-1","11":"pa_eko-koza-eco-13","12":"pa_eko-koza-eco-21","13":"pa_eko-koza-eco-28","14":"pa_eko-koza-eco-30","15":"pa_eko-koza-eco-31","16":"pa_eko-koza-eco-45","17":"pa_eko-koza-eco-50","18":"pa_eko-koza-eco-7","19":"pa_eko-koza-eco-70","20":"pa_eko-koza-eco-72","21":"pa_eko-koza-eco-90","22":"pa_eko-koza-v01","23":"pa_eko-koza-v02n","24":"pa_eko-koza-v04","25":"pa_eko-koza-v13","26":"pa_eko-koza-v14n","27":"pa_eko-koza-v16n","28":"pa_eko-koza-v17","29":"pa_eko-koza-v18n","30":"pa_eko-koza-v19n","31":"pa_eko-koza-v20","32":"pa_eko-koza-v26","33":"pa_eko-koza-v28","34":"pa_eko-koza-v46","35":"pa_eko-koza-v47","36":"pa_eko-koza-v49","37":"pa_eko-koza-v53n","38":"pa_eko-koza-v62","39":"pa_eko-koza-v79n","40":"pa_eko-koza-v82","41":"pa_eko-koza-v83","42":"pa_eko-koza-v98","43":"pa_materials-eko-koza-eco-izdrzljivost-po-martindejl-u-40-000-ciklusa-nezapaljivost-po-standardu-en1021-1","44":"pa_mehanizam-tilt","45":"pa_rukonasloni-fiksni","47":"first","48":"instock","49":"purchasable","50":"product-type-variable"},"_links":{"self":[{"href":"https:\/\/savokusic.com\/prodaja\/wp-json\/wp\/v2\/product\/6601","targetHints":{"allow":["GET"]}}],"collection":[{"href":"https:\/\/savokusic.com\/prodaja\/wp-json\/wp\/v2\/product"}],"about":[{"href":"https:\/\/savokusic.com\/prodaja\/wp-json\/wp\/v2\/types\/product"}],"replies":[{"embeddable":true,"href":"https:\/\/savokusic.com\/prodaja\/wp-json\/wp\/v2\/comments?post=6601"}],"wp:featuredmedia":[{"embeddable":true,"href":"https:\/\/savokusic.com\/prodaja\/wp-json\/wp\/v2\/media\/30872"}],"wp:attachment":[{"href":"https:\/\/savokusic.com\/prodaja\/wp-json\/wp\/v2\/media?parent=6601"}],"wp:term":[{"taxonomy":"product_brand","embeddable":true,"href":"https:\/\/savokusic.com\/prodaja\/wp-json\/wp\/v2\/product_brand?post=6601"},{"taxonomy":"product_cat","embeddable":true,"href":"https:\/\/savokusic.com\/prodaja\/wp-json\/wp\/v2\/product_cat?post=6601"},{"taxonomy":"product_tag","embeddable":true,"href":"https:\/\/savokusic.com\/prodaja\/wp-json\/wp\/v2\/product_tag?post=6601"}],"curies":[{"name":"wp","href":"https:\/\/api.w.org\/{rel}","templated":true}]}}