{"id":6581,"date":"2018-01-23T21:07:11","date_gmt":"2018-01-23T21:07:11","guid":{"rendered":"https:\/\/savokusic.com\/prodaja\/?post_type=product&#038;p=6581"},"modified":"2022-08-23T09:02:04","modified_gmt":"2022-08-23T08:02:04","slug":"manager-extra","status":"publish","type":"product","link":"https:\/\/savokusic.com\/prodaja\/proizvod\/manager-extra\/","title":{"rendered":"Manager Extra"},"content":{"rendered":"<p><span style=\"text-decoration: underline; font-size: medium;\"><strong>Stolica za kancelariju Manager Extra Specifikacije<\/strong><\/span><\/p>\n<table>\n<tbody>\n<tr>\n<td width=\"301\">\n<p style=\"text-align: center;\"><strong><span style=\"font-size: medium;\">Sedi\u0161te i le\u0111a<\/span><\/strong><\/p>\n<\/td>\n<td width=\"301\">\n<p style=\"text-align: center;\">meko tapacirano sedi\u0161te i le\u0111a<\/p>\n<\/td>\n<\/tr>\n<tr>\n<td width=\"301\">\n<p style=\"text-align: center;\"><strong><span style=\"font-size: medium;\">Naslon za ruke<\/span><\/strong><\/p>\n<\/td>\n<td width=\"301\">\n<ul>\n<li>Drveni nasloni za ruke<\/li>\n<\/ul>\n<\/td>\n<\/tr>\n<tr>\n<td width=\"301\">\n<p style=\"text-align: center;\"><strong><span style=\"font-size: medium;\">Mehanizam<\/span><\/strong><\/p>\n<\/td>\n<td width=\"301\">\n<ul>\n<li>slbodno plivajuci naslon i sediste<\/li>\n<li>sposobnost zaklju\u010davanja sedi\u0161ta i nazad u jednom polo\u017eaju.<\/li>\n<li>podesiva sila odstupanja.<\/li>\n<\/ul>\n<\/td>\n<\/tr>\n<tr>\n<td width=\"301\">\n<p style=\"text-align: center;\"><strong><span style=\"font-size: medium;\">Baza<\/span><\/strong><\/p>\n<\/td>\n<td width=\"301\">\n<ul>\n<li>metal sa drvenim preklopima<\/li>\n<\/ul>\n<\/td>\n<\/tr>\n<tr>\n<td width=\"301\">\n<p style=\"text-align: center;\"><strong><span style=\"font-size: medium;\">Druge kvalitete i opcije<\/span><\/strong><\/p>\n<\/td>\n<td width=\"301\">\n<ul>\n<li>podesiva visina sedi\u0161ta<\/li>\n<\/ul>\n<\/td>\n<\/tr>\n<tr>\n<td width=\"301\">\n<p style=\"text-align: center;\"><strong>Rok dostave<\/strong><\/p>\n<\/td>\n<td width=\"301\">Rok dostave za boje SP-A i 1.031 je 10-15 dana.<\/p>\n<p>Za ostale boje rok dostave je do 25 dana.<\/td>\n<\/tr>\n<\/tbody>\n<\/table>\n<p><span style=\"font-size: medium;\">\u00a0<\/span><\/p>\n","protected":false},"excerpt":{"rendered":"<p>Stolica za kancelariju Manager Extra Specifikacije Sedi\u0161te i le\u0111a meko tapacirano sedi\u0161te i le\u0111a Naslon za ruke Drveni nasloni za ruke Mehanizam slbodno plivajuci naslon i sediste sposobnost zaklju\u010davanja sedi\u0161ta i nazad u jednom polo\u017eaju. podesiva sila odstupanja. Baza metal sa drvenim preklopima Druge kvalitete i opcije podesiva visina sedi\u0161ta Rok dostave Rok dostave za [&hellip;]<\/p>\n","protected":false},"featured_media":30733,"comment_status":"open","ping_status":"closed","template":"","meta":[],"product_brand":[],"product_cat":[231,241,238],"product_tag":[],"class_list":{"0":"post-6581","1":"product","2":"type-product","3":"status-publish","4":"has-post-thumbnail","6":"product_cat-kancelarija","7":"product_cat-menadzerske-stolice","8":"product_cat-stolice-2","9":"pa_back-eko-koza","10":"pa_basis-metal-sa-drvenim-elementima","11":"pa_materials-prirodna-koza-sp-debljina-1-1-1-3-mm","12":"pa_mehanizam-tilt","13":"pa_prirodna-koza-le01","14":"pa_prirodna-koza-le06","15":"pa_prirodna-koza-le13","16":"pa_prirodna-koza-le14","17":"pa_prirodna-koza-q1","18":"pa_prirodna-koza-q10","19":"pa_prirodna-koza-q12","20":"pa_prirodna-koza-q14","21":"pa_prirodna-koza-q2","22":"pa_prirodna-koza-q7","23":"pa_prirodna-koza-q9","24":"pa_prirodna-koza-sd-01","25":"pa_prirodna-koza-sd-03","26":"pa_prirodna-koza-sd-04","27":"pa_prirodna-koza-sd-06","28":"pa_prirodna-koza-sd-07","29":"pa_prirodna-koza-sd-08","30":"pa_prirodna-koza-sd-09","31":"pa_prirodna-koza-sd-15","32":"pa_prirodna-koza-sd-16","33":"pa_prirodna-koza-sp-01","34":"pa_prirodna-koza-sp-02","35":"pa_prirodna-koza-sp-03","36":"pa_prirodna-koza-sp-06","37":"pa_prirodna-koza-sp-07","38":"pa_prirodna-koza-sp-11","39":"pa_prirodna-koza-sp-12","40":"pa_rukonasloni-fiksni","42":"first","43":"instock","44":"purchasable","45":"product-type-variable"},"_links":{"self":[{"href":"https:\/\/savokusic.com\/prodaja\/wp-json\/wp\/v2\/product\/6581","targetHints":{"allow":["GET"]}}],"collection":[{"href":"https:\/\/savokusic.com\/prodaja\/wp-json\/wp\/v2\/product"}],"about":[{"href":"https:\/\/savokusic.com\/prodaja\/wp-json\/wp\/v2\/types\/product"}],"replies":[{"embeddable":true,"href":"https:\/\/savokusic.com\/prodaja\/wp-json\/wp\/v2\/comments?post=6581"}],"wp:featuredmedia":[{"embeddable":true,"href":"https:\/\/savokusic.com\/prodaja\/wp-json\/wp\/v2\/media\/30733"}],"wp:attachment":[{"href":"https:\/\/savokusic.com\/prodaja\/wp-json\/wp\/v2\/media?parent=6581"}],"wp:term":[{"taxonomy":"product_brand","embeddable":true,"href":"https:\/\/savokusic.com\/prodaja\/wp-json\/wp\/v2\/product_brand?post=6581"},{"taxonomy":"product_cat","embeddable":true,"href":"https:\/\/savokusic.com\/prodaja\/wp-json\/wp\/v2\/product_cat?post=6581"},{"taxonomy":"product_tag","embeddable":true,"href":"https:\/\/savokusic.com\/prodaja\/wp-json\/wp\/v2\/product_tag?post=6581"}],"curies":[{"name":"wp","href":"https:\/\/api.w.org\/{rel}","templated":true}]}}