{"id":6482,"date":"2018-01-23T20:21:49","date_gmt":"2018-01-23T20:21:49","guid":{"rendered":"https:\/\/savokusic.com\/prodaja\/?post_type=product&#038;p=6482"},"modified":"2022-08-23T09:02:02","modified_gmt":"2022-08-23T08:02:02","slug":"faraon","status":"publish","type":"product","link":"https:\/\/savokusic.com\/prodaja\/proizvod\/faraon\/","title":{"rendered":"Faraon"},"content":{"rendered":"<p><span style=\"text-decoration: underline;\"><strong style=\"font-size: medium;\">Menad\u017eerska stolica Faraon <strong>Specifikacije <\/strong><\/strong><\/span><\/p>\n<table>\n<tbody>\n<tr>\n<td width=\"301\">\n<p style=\"text-align: center;\"><strong>Karakteristike<\/strong><\/p>\n<\/td>\n<td width=\"301\">\n<ul>\n<li>\u010cvrsta osnova;<\/li>\n<li>Pode\u0161avanje visine stolice;<\/li>\n<li>zaklju\u010davanje mehanizma zup\u010danika u po\u010detnoj poziciji;<\/li>\n<li>fiksni nasloni za ruke;<\/li>\n<li>visokokvalitetni tapacirung ko\u017eni.<\/li>\n<\/ul>\n<\/td>\n<\/tr>\n<tr>\n<td width=\"301\">\n<p style=\"text-align: center;\"><strong>Rok dostave<\/strong><\/p>\n<\/td>\n<td width=\"301\">Rok dostave za boje ECO-90 i ECO-30 je 10-15 dana.<\/p>\n<p>Za ostale boje rok dostave je do 25 dana.<\/td>\n<\/tr>\n<\/tbody>\n<\/table>\n<p>&nbsp;<\/p>\n<p>&nbsp;<\/p>\n<p>&nbsp;<\/p>\n","protected":false},"excerpt":{"rendered":"<p>Menad\u017eerska stolica Faraon Specifikacije Karakteristike \u010cvrsta osnova; Pode\u0161avanje visine stolice; zaklju\u010davanje mehanizma zup\u010danika u po\u010detnoj poziciji; fiksni nasloni za ruke; visokokvalitetni tapacirung ko\u017eni. Rok dostave Rok dostave za boje ECO-90 i ECO-30 je 10-15 dana. Za ostale boje rok dostave je do 25 dana. &nbsp; &nbsp; &nbsp;<\/p>\n","protected":false},"featured_media":30689,"comment_status":"open","ping_status":"closed","template":"","meta":[],"product_brand":[],"product_cat":[231,241,238],"product_tag":[],"class_list":{"0":"post-6482","1":"product","2":"type-product","3":"status-publish","4":"has-post-thumbnail","6":"product_cat-kancelarija","7":"product_cat-menadzerske-stolice","8":"product_cat-stolice-2","9":"pa_basis-metal-oblozen-plastikom","10":"pa_eko-koza-eco-1","11":"pa_eko-koza-eco-13","12":"pa_eko-koza-eco-21","13":"pa_eko-koza-eco-28","14":"pa_eko-koza-eco-30","15":"pa_eko-koza-eco-31","16":"pa_eko-koza-eco-45","17":"pa_eko-koza-eco-50","18":"pa_eko-koza-eco-7","19":"pa_eko-koza-eco-70","20":"pa_eko-koza-eco-72","21":"pa_eko-koza-eco-90","22":"pa_eko-koza-v01","23":"pa_eko-koza-v02n","24":"pa_eko-koza-v04","25":"pa_eko-koza-v13","26":"pa_eko-koza-v14n","27":"pa_eko-koza-v16n","28":"pa_eko-koza-v17","29":"pa_eko-koza-v18n","30":"pa_eko-koza-v19n","31":"pa_eko-koza-v20","32":"pa_eko-koza-v26","33":"pa_eko-koza-v28","34":"pa_eko-koza-v46","35":"pa_eko-koza-v47","36":"pa_eko-koza-v49","37":"pa_eko-koza-v53n","38":"pa_eko-koza-v62","39":"pa_eko-koza-v79n","40":"pa_eko-koza-v82","41":"pa_eko-koza-v83","42":"pa_eko-koza-v98","43":"pa_materials-eko-koza-eco-izdrzljivost-po-martindejl-u-40-000-ciklusa-nezapaljivost-po-standardu-en1021-1","44":"pa_mehanizam-tilt","45":"pa_rukonasloni-fiksni","47":"first","48":"instock","49":"purchasable","50":"product-type-variable"},"_links":{"self":[{"href":"https:\/\/savokusic.com\/prodaja\/wp-json\/wp\/v2\/product\/6482","targetHints":{"allow":["GET"]}}],"collection":[{"href":"https:\/\/savokusic.com\/prodaja\/wp-json\/wp\/v2\/product"}],"about":[{"href":"https:\/\/savokusic.com\/prodaja\/wp-json\/wp\/v2\/types\/product"}],"replies":[{"embeddable":true,"href":"https:\/\/savokusic.com\/prodaja\/wp-json\/wp\/v2\/comments?post=6482"}],"wp:featuredmedia":[{"embeddable":true,"href":"https:\/\/savokusic.com\/prodaja\/wp-json\/wp\/v2\/media\/30689"}],"wp:attachment":[{"href":"https:\/\/savokusic.com\/prodaja\/wp-json\/wp\/v2\/media?parent=6482"}],"wp:term":[{"taxonomy":"product_brand","embeddable":true,"href":"https:\/\/savokusic.com\/prodaja\/wp-json\/wp\/v2\/product_brand?post=6482"},{"taxonomy":"product_cat","embeddable":true,"href":"https:\/\/savokusic.com\/prodaja\/wp-json\/wp\/v2\/product_cat?post=6482"},{"taxonomy":"product_tag","embeddable":true,"href":"https:\/\/savokusic.com\/prodaja\/wp-json\/wp\/v2\/product_tag?post=6482"}],"curies":[{"name":"wp","href":"https:\/\/api.w.org\/{rel}","templated":true}]}}