{"id":4744,"date":"2018-01-22T18:50:20","date_gmt":"2018-01-22T18:50:20","guid":{"rendered":"https:\/\/savokusic.com\/prodaja\/?post_type=product&#038;p=4744"},"modified":"2022-08-23T09:01:55","modified_gmt":"2022-08-23T08:01:55","slug":"nadir-steel-lb-eko-koza","status":"publish","type":"product","link":"https:\/\/savokusic.com\/prodaja\/proizvod\/nadir-steel-lb-eko-koza\/","title":{"rendered":"Nadir steel LB Eko Ko\u017ea"},"content":{"rendered":"<p>&nbsp;<\/p>\n<p>&nbsp;<\/p>\n<p><span style=\"text-decoration: underline;\"><strong><span style=\"font-size: medium;\">Nadir steel LB menad\u017eerska stolica Specifikacije<\/span><\/strong><\/span><\/p>\n<table>\n<tbody>\n<tr>\n<td width=\"301\">\n<p style=\"text-align: center;\"><strong><span style=\"font-size: medium;\">Sedi\u0161te i naslon za sedenje<\/span><\/strong><\/p>\n<\/td>\n<td width=\"301\">\n<ul>\n<li>\u0161iroko udobno sedi\u0161te i ergonomski profilisani naslon<\/li>\n<li>Naslon na zadnjoj strani na obe strane<\/li>\n<\/ul>\n<\/td>\n<\/tr>\n<tr>\n<td width=\"301\">\n<p style=\"text-align: center;\"><strong><span style=\"font-size: medium;\">Mehanizam<\/span><\/strong><\/p>\n<\/td>\n<td width=\"301\">\n<ul>\n<li>slobodno plivajuc\u0301e sedi\u0161te i naslon<\/li>\n<li>maksimalni ugao nagiba naslona 13\u02da<\/li>\n<li>moguc\u0301nost zaklju\u010davanja sedi\u0161ta i naslona u polo\u017eaju na rad<\/li>\n<li>podesiva sila nagiba naslona<\/li>\n<li>ravnomerno podesiva visina stolice sa pneumatskim podizanjem<\/li>\n<\/ul>\n<\/td>\n<\/tr>\n<tr>\n<td width=\"301\">\n<p style=\"text-align: center;\"><strong><span style=\"font-size: medium;\">Naslon za ruke<\/span><\/strong><\/p>\n<\/td>\n<td width=\"301\">\n<ul>\n<li>\u010deli\u010dni naslon za ruke sa mekanim tapaciranim jastu\u010dic\u0301ima<\/li>\n<\/ul>\n<\/td>\n<\/tr>\n<tr>\n<td width=\"301\">\n<p style=\"text-align: center;\"><strong><span style=\"font-size: medium;\">Baza<\/span><\/strong><\/p>\n<\/td>\n<td width=\"301\">\n<ul>\n<li>\u010delik, hrom<\/li>\n<\/ul>\n<\/td>\n<\/tr>\n<tr>\n<td width=\"301\">\n<p style=\"text-align: center;\"><strong><span style=\"font-size: medium;\">Ostalo<\/span><\/strong><\/p>\n<\/td>\n<td width=\"301\">\n<ul>\n<li>raspolo\u017eiva verzija dostupna<\/li>\n<\/ul>\n<\/td>\n<\/tr>\n<tr>\n<td width=\"301\">\n<p style=\"text-align: center;\"><strong>Rok dostave<\/strong><\/p>\n<\/td>\n<td width=\"301\">Rok dostave za boju SP-01, SP-02, V-04 i V-18 je 10-15 dana.<\/p>\n<p>Za ostale boje rok dostave je do 25 dana.<\/td>\n<\/tr>\n<\/tbody>\n<\/table>\n<p><span style=\"font-size: medium;\">\u00a0<\/span><\/p>\n","protected":false},"excerpt":{"rendered":"<p>&nbsp; &nbsp; Nadir steel LB menad\u017eerska stolica Specifikacije Sedi\u0161te i naslon za sedenje \u0161iroko udobno sedi\u0161te i ergonomski profilisani naslon Naslon na zadnjoj strani na obe strane Mehanizam slobodno plivajuc\u0301e sedi\u0161te i naslon maksimalni ugao nagiba naslona 13\u02da moguc\u0301nost zaklju\u010davanja sedi\u0161ta i naslona u polo\u017eaju na rad podesiva sila nagiba naslona ravnomerno podesiva visina stolice [&hellip;]<\/p>\n","protected":false},"featured_media":30770,"comment_status":"open","ping_status":"closed","template":"","meta":[],"product_brand":[],"product_cat":[231,241,238],"product_tag":[],"class_list":{"0":"post-4744","1":"product","2":"type-product","3":"status-publish","4":"has-post-thumbnail","6":"product_cat-kancelarija","7":"product_cat-menadzerske-stolice","8":"product_cat-stolice-2","9":"pa_basis-hromiran-metal","10":"pa_eko-koza-eco-1","11":"pa_eko-koza-eco-13","12":"pa_eko-koza-eco-21","13":"pa_eko-koza-eco-28","14":"pa_eko-koza-eco-30","15":"pa_eko-koza-eco-31","16":"pa_eko-koza-eco-45","17":"pa_eko-koza-eco-50","18":"pa_eko-koza-eco-7","19":"pa_eko-koza-eco-70","20":"pa_eko-koza-eco-72","21":"pa_eko-koza-eco-90","22":"pa_eko-koza-v01","23":"pa_eko-koza-v02n","24":"pa_eko-koza-v04","25":"pa_eko-koza-v13","26":"pa_eko-koza-v14n","27":"pa_eko-koza-v16n","28":"pa_eko-koza-v17","29":"pa_eko-koza-v18n","30":"pa_eko-koza-v19n","31":"pa_eko-koza-v20","32":"pa_eko-koza-v26","33":"pa_eko-koza-v28","34":"pa_eko-koza-v46","35":"pa_eko-koza-v47","36":"pa_eko-koza-v49","37":"pa_eko-koza-v53n","38":"pa_eko-koza-v62","39":"pa_eko-koza-v79n","40":"pa_eko-koza-v82","41":"pa_eko-koza-v83","42":"pa_eko-koza-v98","43":"pa_materials-eko-koza-v-izdrzljivost-po-martindejl-u-35-000-ciklusa-nezapaljivost-po-standardu-en1021-1","44":"pa_mehanizam-tilt","45":"pa_rukonasloni-fiksni","47":"first","48":"instock","49":"purchasable","50":"product-type-variable"},"_links":{"self":[{"href":"https:\/\/savokusic.com\/prodaja\/wp-json\/wp\/v2\/product\/4744","targetHints":{"allow":["GET"]}}],"collection":[{"href":"https:\/\/savokusic.com\/prodaja\/wp-json\/wp\/v2\/product"}],"about":[{"href":"https:\/\/savokusic.com\/prodaja\/wp-json\/wp\/v2\/types\/product"}],"replies":[{"embeddable":true,"href":"https:\/\/savokusic.com\/prodaja\/wp-json\/wp\/v2\/comments?post=4744"}],"wp:featuredmedia":[{"embeddable":true,"href":"https:\/\/savokusic.com\/prodaja\/wp-json\/wp\/v2\/media\/30770"}],"wp:attachment":[{"href":"https:\/\/savokusic.com\/prodaja\/wp-json\/wp\/v2\/media?parent=4744"}],"wp:term":[{"taxonomy":"product_brand","embeddable":true,"href":"https:\/\/savokusic.com\/prodaja\/wp-json\/wp\/v2\/product_brand?post=4744"},{"taxonomy":"product_cat","embeddable":true,"href":"https:\/\/savokusic.com\/prodaja\/wp-json\/wp\/v2\/product_cat?post=4744"},{"taxonomy":"product_tag","embeddable":true,"href":"https:\/\/savokusic.com\/prodaja\/wp-json\/wp\/v2\/product_tag?post=4744"}],"curies":[{"name":"wp","href":"https:\/\/api.w.org\/{rel}","templated":true}]}}