{"id":33791,"date":"2022-02-15T01:12:21","date_gmt":"2022-02-15T00:12:21","guid":{"rendered":"https:\/\/savokusic.com\/prodaja\/?post_type=product&#038;p=33791"},"modified":"2022-08-23T09:07:32","modified_gmt":"2022-08-23T08:07:32","slug":"dvokrilni-element-sa-staklom","status":"publish","type":"product","link":"https:\/\/savokusic.com\/prodaja\/proizvod\/dvokrilni-element-sa-staklom\/","title":{"rendered":"Dvokrilni element sa staklom"},"content":{"rendered":"<table>\n<tbody>\n<tr>\n<td width=\"301\"><strong>\u0160irina:<\/strong><\/td>\n<td width=\"301\">50 cm<\/td>\n<\/tr>\n<tr>\n<td width=\"301\"><strong>Visina:<\/strong><\/td>\n<td width=\"301\">85 cm<\/td>\n<\/tr>\n<tr>\n<td width=\"301\"><strong>Dubina:<\/strong><\/td>\n<td width=\"301\">30 cm<\/td>\n<\/tr>\n<tr>\n<td width=\"301\"><strong>Materijal fronta:<\/strong><\/td>\n<td width=\"301\">MDF<\/td>\n<\/tr>\n<tr>\n<td width=\"301\"><strong>Materijal korpusa:<\/strong><\/td>\n<td width=\"301\">Univer<\/td>\n<\/tr>\n<tr>\n<td width=\"301\"><strong>Kant traka:<\/strong><\/td>\n<td width=\"301\">Front ABS 1mm, korpus ABS 0,4mm<\/td>\n<\/tr>\n<tr>\n<td width=\"301\"><strong>Broj polica:\u00a0<\/strong><\/td>\n<td width=\"301\">2<\/td>\n<\/tr>\n<tr>\n<td width=\"301\"><strong>Artikl:<\/strong><\/td>\n<td width=\"301\">Kuhinja<\/td>\n<\/tr>\n<tr>\n<td width=\"301\"><strong>Vrsta elementa:\u00a0<\/strong><\/td>\n<td width=\"301\">Vise\u0107i dvokrilni element sa \u201egriz\u201c staklom<\/td>\n<\/tr>\n<tr>\n<td width=\"301\"><strong>Proizvo\u0111a\u010d:<\/strong><\/td>\n<td width=\"301\">Savo Kusi\u0107<\/td>\n<\/tr>\n<\/tbody>\n<\/table>\n","protected":false},"excerpt":{"rendered":"<p>Standardne mere elementa:<\/p>\n<p>\u0160irina: 50 cm<\/p>\n<p>Visina: 85 cm<\/p>\n<p>Dubina: 30 cm<\/p>\n<p>Napomena: U padaju\u0107em meniju ispod mo\u017eete izabrati razli\u010dite dimenzije<\/p>\n","protected":false},"featured_media":33973,"comment_status":"open","ping_status":"closed","template":"","meta":[],"product_brand":[],"product_cat":[244,243,245,835,214,231,767,240,238,769],"product_tag":[],"class_list":{"0":"post-33791","1":"product","2":"type-product","3":"status-publish","4":"has-post-thumbnail","6":"product_cat-armchairs","7":"product_cat-cafe-stolice","8":"product_cat-forum-sitting","9":"product_cat-frontovi-od-medijapana-mdf","10":"product_cat-hodnici","11":"product_cat-kancelarija","12":"product_cat-kuhinje","13":"product_cat-metal-furniture","14":"product_cat-stolice-2","15":"product_cat-viseci-elementi","17":"first","18":"instock","19":"shipping-taxable","20":"purchasable","21":"product-type-variable"},"_links":{"self":[{"href":"https:\/\/savokusic.com\/prodaja\/wp-json\/wp\/v2\/product\/33791","targetHints":{"allow":["GET"]}}],"collection":[{"href":"https:\/\/savokusic.com\/prodaja\/wp-json\/wp\/v2\/product"}],"about":[{"href":"https:\/\/savokusic.com\/prodaja\/wp-json\/wp\/v2\/types\/product"}],"replies":[{"embeddable":true,"href":"https:\/\/savokusic.com\/prodaja\/wp-json\/wp\/v2\/comments?post=33791"}],"wp:featuredmedia":[{"embeddable":true,"href":"https:\/\/savokusic.com\/prodaja\/wp-json\/wp\/v2\/media\/33973"}],"wp:attachment":[{"href":"https:\/\/savokusic.com\/prodaja\/wp-json\/wp\/v2\/media?parent=33791"}],"wp:term":[{"taxonomy":"product_brand","embeddable":true,"href":"https:\/\/savokusic.com\/prodaja\/wp-json\/wp\/v2\/product_brand?post=33791"},{"taxonomy":"product_cat","embeddable":true,"href":"https:\/\/savokusic.com\/prodaja\/wp-json\/wp\/v2\/product_cat?post=33791"},{"taxonomy":"product_tag","embeddable":true,"href":"https:\/\/savokusic.com\/prodaja\/wp-json\/wp\/v2\/product_tag?post=33791"}],"curies":[{"name":"wp","href":"https:\/\/api.w.org\/{rel}","templated":true}]}}