{"id":30208,"date":"2018-11-03T13:38:15","date_gmt":"2018-11-03T13:38:15","guid":{"rendered":"https:\/\/savokusic.com\/prodaja\/?post_type=product&#038;p=30208"},"modified":"2022-08-23T09:06:27","modified_gmt":"2022-08-23T08:06:27","slug":"klizac-350-hf","status":"publish","type":"product","link":"https:\/\/savokusic.com\/prodaja\/proizvod\/klizac-350-hf\/","title":{"rendered":"Kliza\u010d 350, HF"},"content":{"rendered":"<p><strong>Klasi\u010dni kliza\u010d za fioku<\/strong><\/p>\n<table>\n<tbody>\n<tr>\n<td width=\"301\">\n<p style=\"text-align: center;\"><strong>Du\u017eina kliza\u010da: <\/strong><\/p>\n<\/td>\n<td width=\"301\">\n<p style=\"text-align: center;\">350mm<\/p>\n<\/td>\n<\/tr>\n<tr>\n<td width=\"301\">\n<p style=\"text-align: center;\"><strong>Proizvo\u0111a\u010d:<\/strong><\/p>\n<\/td>\n<td width=\"301\">\n<p style=\"text-align: center;\">Hafele<\/p>\n<\/td>\n<\/tr>\n<\/tbody>\n<\/table>\n<p>&nbsp;<\/p>\n","protected":false},"excerpt":{"rendered":"<p>Klasi\u010dni kliza\u010d za fioku Du\u017eina kliza\u010da: 350mm Proizvo\u0111a\u010d: Hafele &nbsp;<\/p>\n","protected":false},"featured_media":30209,"comment_status":"open","ping_status":"closed","template":"","meta":[],"product_brand":[],"product_cat":[244,243,245,214,231,254,240,238,263],"product_tag":[],"class_list":{"0":"post-30208","1":"product","2":"type-product","3":"status-publish","4":"has-post-thumbnail","6":"product_cat-armchairs","7":"product_cat-cafe-stolice","8":"product_cat-forum-sitting","9":"product_cat-hodnici","10":"product_cat-kancelarija","11":"product_cat-klizaci-za-fioke","12":"product_cat-metal-furniture","13":"product_cat-stolice-2","14":"product_cat-teleskopski-klizaci-obicni","15":"pa_material-elik","17":"first","18":"instock","19":"purchasable","20":"product-type-simple"},"_links":{"self":[{"href":"https:\/\/savokusic.com\/prodaja\/wp-json\/wp\/v2\/product\/30208","targetHints":{"allow":["GET"]}}],"collection":[{"href":"https:\/\/savokusic.com\/prodaja\/wp-json\/wp\/v2\/product"}],"about":[{"href":"https:\/\/savokusic.com\/prodaja\/wp-json\/wp\/v2\/types\/product"}],"replies":[{"embeddable":true,"href":"https:\/\/savokusic.com\/prodaja\/wp-json\/wp\/v2\/comments?post=30208"}],"wp:featuredmedia":[{"embeddable":true,"href":"https:\/\/savokusic.com\/prodaja\/wp-json\/wp\/v2\/media\/30209"}],"wp:attachment":[{"href":"https:\/\/savokusic.com\/prodaja\/wp-json\/wp\/v2\/media?parent=30208"}],"wp:term":[{"taxonomy":"product_brand","embeddable":true,"href":"https:\/\/savokusic.com\/prodaja\/wp-json\/wp\/v2\/product_brand?post=30208"},{"taxonomy":"product_cat","embeddable":true,"href":"https:\/\/savokusic.com\/prodaja\/wp-json\/wp\/v2\/product_cat?post=30208"},{"taxonomy":"product_tag","embeddable":true,"href":"https:\/\/savokusic.com\/prodaja\/wp-json\/wp\/v2\/product_tag?post=30208"}],"curies":[{"name":"wp","href":"https:\/\/api.w.org\/{rel}","templated":true}]}}