{"id":30099,"date":"2018-11-02T16:30:17","date_gmt":"2018-11-02T16:30:17","guid":{"rendered":"https:\/\/savokusic.com\/prodaja\/?post_type=product&#038;p=30099"},"modified":"2022-08-23T09:06:25","modified_gmt":"2022-08-23T08:06:25","slug":"sarka-0-samet","status":"publish","type":"product","link":"https:\/\/savokusic.com\/prodaja\/proizvod\/sarka-0-samet\/","title":{"rendered":"\u0160arka 0, Samet"},"content":{"rendered":"<p><strong>Niklovana ravna \u0161arka, bez usporiva\u010da Specifikacije<\/strong><\/p>\n<table>\n<tbody>\n<tr>\n<td width=\"301\">\n<p style=\"text-align: center;\"><strong>Ugao otvaranja:\u00a0\u00a0<\/strong><\/p>\n<\/td>\n<td width=\"301\">\n<p style=\"text-align: center;\">110\u02da<\/p>\n<\/td>\n<\/tr>\n<tr>\n<td width=\"301\">\n<p style=\"text-align: center;\"><strong>Pre\u010dnik:<\/strong><\/p>\n<\/td>\n<td width=\"301\">\n<p style=\"text-align: center;\">\u00d835 mm<\/p>\n<\/td>\n<\/tr>\n<tr>\n<td width=\"301\">\n<p style=\"text-align: center;\"><strong> Dubina: <\/strong><\/p>\n<\/td>\n<td width=\"301\">\n<p style=\"text-align: center;\">11,2 mm<\/p>\n<\/td>\n<\/tr>\n<tr>\n<td width=\"301\">\n<p style=\"text-align: center;\"><strong>Telo \u0161arke:<\/strong><\/p>\n<\/td>\n<td width=\"301\">\n<p style=\"text-align: center;\">\u010celik<\/p>\n<\/td>\n<\/tr>\n<tr>\n<td width=\"301\">\n<p style=\"text-align: center;\"><strong>Pode\u0161avanje po dubini :<\/strong><\/p>\n<\/td>\n<td width=\"301\">\n<p style=\"text-align: center;\">\u00b1 3 mm<\/p>\n<\/td>\n<\/tr>\n<tr>\n<td width=\"301\">\n<p style=\"text-align: center;\"><strong>Zavr\u0161na obrada:<\/strong><\/p>\n<\/td>\n<td width=\"301\">\n<p style=\"text-align: center;\">Nikl<\/p>\n<\/td>\n<\/tr>\n<tr>\n<td width=\"301\">\n<p style=\"text-align: center;\"><strong>Set\u00a0<\/strong><\/p>\n<\/td>\n<td width=\"301\">\n<p style=\"text-align: center;\">\u0160arka dolazi u setu sa podlo\u0161kama.<\/p>\n<\/td>\n<\/tr>\n<\/tbody>\n<\/table>\n<p>&nbsp;<\/p>\n","protected":false},"excerpt":{"rendered":"<p>Niklovana ravna \u0161arka, bez usporiva\u010da Specifikacije Ugao otvaranja:\u00a0\u00a0 110\u02da Pre\u010dnik: \u00d835 mm Dubina: 11,2 mm Telo \u0161arke: \u010celik Pode\u0161avanje po dubini : \u00b1 3 mm Zavr\u0161na obrada: Nikl Set\u00a0 \u0160arka dolazi u setu sa podlo\u0161kama. &nbsp;<\/p>\n","protected":false},"featured_media":30100,"comment_status":"open","ping_status":"closed","template":"","meta":[],"product_brand":[],"product_cat":[250,262],"product_tag":[],"class_list":{"0":"post-30099","1":"product","2":"type-product","3":"status-publish","4":"has-post-thumbnail","6":"product_cat-sarke","7":"product_cat-sarke-za-namestaj-bez-usporivaca","8":"pa_material-elik","10":"first","11":"instock","12":"purchasable","13":"product-type-simple"},"_links":{"self":[{"href":"https:\/\/savokusic.com\/prodaja\/wp-json\/wp\/v2\/product\/30099","targetHints":{"allow":["GET"]}}],"collection":[{"href":"https:\/\/savokusic.com\/prodaja\/wp-json\/wp\/v2\/product"}],"about":[{"href":"https:\/\/savokusic.com\/prodaja\/wp-json\/wp\/v2\/types\/product"}],"replies":[{"embeddable":true,"href":"https:\/\/savokusic.com\/prodaja\/wp-json\/wp\/v2\/comments?post=30099"}],"wp:featuredmedia":[{"embeddable":true,"href":"https:\/\/savokusic.com\/prodaja\/wp-json\/wp\/v2\/media\/30100"}],"wp:attachment":[{"href":"https:\/\/savokusic.com\/prodaja\/wp-json\/wp\/v2\/media?parent=30099"}],"wp:term":[{"taxonomy":"product_brand","embeddable":true,"href":"https:\/\/savokusic.com\/prodaja\/wp-json\/wp\/v2\/product_brand?post=30099"},{"taxonomy":"product_cat","embeddable":true,"href":"https:\/\/savokusic.com\/prodaja\/wp-json\/wp\/v2\/product_cat?post=30099"},{"taxonomy":"product_tag","embeddable":true,"href":"https:\/\/savokusic.com\/prodaja\/wp-json\/wp\/v2\/product_tag?post=30099"}],"curies":[{"name":"wp","href":"https:\/\/api.w.org\/{rel}","templated":true}]}}