{"id":30077,"date":"2018-10-25T06:16:35","date_gmt":"2018-10-25T06:16:35","guid":{"rendered":"https:\/\/savokusic.com\/prodaja\/?post_type=product&#038;p=30077"},"modified":"2022-08-23T09:06:24","modified_gmt":"2022-08-23T08:06:24","slug":"medusarka","status":"publish","type":"product","link":"https:\/\/savokusic.com\/prodaja\/proizvod\/medusarka\/","title":{"rendered":"Me\u0111u\u0161arka Free Fold"},"content":{"rendered":"<table>\n<tbody>\n<tr>\n<td width=\"301\">\n<p style=\"text-align: center;\"><strong>Model<\/strong><\/p>\n<\/td>\n<td width=\"301\">\n<p style=\"text-align: center;\">Me\u0111u\u0161arka Free Fold bez usporiva\u010da<\/p>\n<\/td>\n<\/tr>\n<tr>\n<td width=\"301\">\n<p style=\"text-align: center;\"><strong>Proizvo\u0111a\u010d:<\/strong><\/p>\n<\/td>\n<td style=\"text-align: center;\" width=\"301\">Hafele<\/td>\n<\/tr>\n<\/tbody>\n<\/table>\n<p>&nbsp;<\/p>\n","protected":false},"excerpt":{"rendered":"<p>Model Me\u0111u\u0161arka Free Fold bez usporiva\u010da Proizvo\u0111a\u010d: Hafele &nbsp;<\/p>\n","protected":false},"featured_media":30078,"comment_status":"open","ping_status":"closed","template":"","meta":[],"product_brand":[],"product_cat":[250,262],"product_tag":[],"class_list":{"0":"post-30077","1":"product","2":"type-product","3":"status-publish","4":"has-post-thumbnail","6":"product_cat-sarke","7":"product_cat-sarke-za-namestaj-bez-usporivaca","9":"first","10":"instock","11":"purchasable","12":"product-type-simple"},"_links":{"self":[{"href":"https:\/\/savokusic.com\/prodaja\/wp-json\/wp\/v2\/product\/30077","targetHints":{"allow":["GET"]}}],"collection":[{"href":"https:\/\/savokusic.com\/prodaja\/wp-json\/wp\/v2\/product"}],"about":[{"href":"https:\/\/savokusic.com\/prodaja\/wp-json\/wp\/v2\/types\/product"}],"replies":[{"embeddable":true,"href":"https:\/\/savokusic.com\/prodaja\/wp-json\/wp\/v2\/comments?post=30077"}],"wp:featuredmedia":[{"embeddable":true,"href":"https:\/\/savokusic.com\/prodaja\/wp-json\/wp\/v2\/media\/30078"}],"wp:attachment":[{"href":"https:\/\/savokusic.com\/prodaja\/wp-json\/wp\/v2\/media?parent=30077"}],"wp:term":[{"taxonomy":"product_brand","embeddable":true,"href":"https:\/\/savokusic.com\/prodaja\/wp-json\/wp\/v2\/product_brand?post=30077"},{"taxonomy":"product_cat","embeddable":true,"href":"https:\/\/savokusic.com\/prodaja\/wp-json\/wp\/v2\/product_cat?post=30077"},{"taxonomy":"product_tag","embeddable":true,"href":"https:\/\/savokusic.com\/prodaja\/wp-json\/wp\/v2\/product_tag?post=30077"}],"curies":[{"name":"wp","href":"https:\/\/api.w.org\/{rel}","templated":true}]}}