{"id":30065,"date":"2018-10-25T05:50:14","date_gmt":"2018-10-25T05:50:14","guid":{"rendered":"https:\/\/savokusic.com\/prodaja\/?post_type=product&#038;p=30065"},"modified":"2022-08-23T09:06:24","modified_gmt":"2022-08-23T08:06:24","slug":"sarka-45-slow","status":"publish","type":"product","link":"https:\/\/savokusic.com\/prodaja\/proizvod\/sarka-45-slow\/","title":{"rendered":"\u0160arka 45, sa usporiva\u010dem"},"content":{"rendered":"<p><strong>\u0160arka 45 sa usporiva\u010dem Specifikacije<\/strong><\/p>\n<table>\n<tbody>\n<tr>\n<td width=\"301\">\n<p style=\"text-align: center;\"><strong>Proizvo\u0111a\u010d:<\/strong><\/p>\n<\/td>\n<td width=\"301\">\n<p style=\"text-align: center;\">GTV<\/p>\n<\/td>\n<\/tr>\n<\/tbody>\n<\/table>\n<p>&nbsp;<\/p>\n","protected":false},"excerpt":{"rendered":"<p>\u0160arka 45 sa usporiva\u010dem Specifikacije Proizvo\u0111a\u010d: GTV &nbsp;<\/p>\n","protected":false},"featured_media":30066,"comment_status":"open","ping_status":"closed","template":"","meta":[],"product_brand":[],"product_cat":[250,258],"product_tag":[],"class_list":{"0":"post-30065","1":"product","2":"type-product","3":"status-publish","4":"has-post-thumbnail","6":"product_cat-sarke","7":"product_cat-sarke-za-namestaj-sa-usporivacima","8":"pa_material-elik","10":"first","11":"instock","12":"purchasable","13":"product-type-simple"},"_links":{"self":[{"href":"https:\/\/savokusic.com\/prodaja\/wp-json\/wp\/v2\/product\/30065","targetHints":{"allow":["GET"]}}],"collection":[{"href":"https:\/\/savokusic.com\/prodaja\/wp-json\/wp\/v2\/product"}],"about":[{"href":"https:\/\/savokusic.com\/prodaja\/wp-json\/wp\/v2\/types\/product"}],"replies":[{"embeddable":true,"href":"https:\/\/savokusic.com\/prodaja\/wp-json\/wp\/v2\/comments?post=30065"}],"wp:featuredmedia":[{"embeddable":true,"href":"https:\/\/savokusic.com\/prodaja\/wp-json\/wp\/v2\/media\/30066"}],"wp:attachment":[{"href":"https:\/\/savokusic.com\/prodaja\/wp-json\/wp\/v2\/media?parent=30065"}],"wp:term":[{"taxonomy":"product_brand","embeddable":true,"href":"https:\/\/savokusic.com\/prodaja\/wp-json\/wp\/v2\/product_brand?post=30065"},{"taxonomy":"product_cat","embeddable":true,"href":"https:\/\/savokusic.com\/prodaja\/wp-json\/wp\/v2\/product_cat?post=30065"},{"taxonomy":"product_tag","embeddable":true,"href":"https:\/\/savokusic.com\/prodaja\/wp-json\/wp\/v2\/product_tag?post=30065"}],"curies":[{"name":"wp","href":"https:\/\/api.w.org\/{rel}","templated":true}]}}