{"id":30059,"date":"2018-10-25T05:44:59","date_gmt":"2018-10-25T05:44:59","guid":{"rendered":"https:\/\/savokusic.com\/prodaja\/?post_type=product&#038;p=30059"},"modified":"2022-08-23T09:06:24","modified_gmt":"2022-08-23T08:06:24","slug":"sarka-18-invo-slow","status":"publish","type":"product","link":"https:\/\/savokusic.com\/prodaja\/proizvod\/sarka-18-invo-slow\/","title":{"rendered":"\u0160arka 18 Invo, sa usporiva\u010dem"},"content":{"rendered":"<p><strong>\u0160arka INVO kolenasta sa integrisanim usporiva\u010dem Soft Close<\/strong><\/p>\n<table>\n<tbody>\n<tr>\n<td width=\"301\">\n<p style=\"text-align: center;\"><strong>Ugao otvaranja:<\/strong><\/p>\n<\/td>\n<td width=\"301\">\n<p style=\"text-align: center;\">110\u02da<\/p>\n<\/td>\n<\/tr>\n<tr>\n<td width=\"301\">\n<p style=\"text-align: center;\"><strong>Pre\u010dnik:<\/strong><\/p>\n<\/td>\n<td width=\"301\">\n<p style=\"text-align: center;\">\u00d835 mm<\/p>\n<\/td>\n<\/tr>\n<tr>\n<td width=\"301\">\n<p style=\"text-align: center;\"><strong>Dubina:<\/strong><\/p>\n<\/td>\n<td width=\"301\">\n<p style=\"text-align: center;\">12,5 mm<\/p>\n<\/td>\n<\/tr>\n<tr>\n<td width=\"301\">\n<p style=\"text-align: center;\"><strong>Telo \u0161arke: <\/strong><\/p>\n<\/td>\n<td width=\"301\">\n<p style=\"text-align: center;\">\u010celik<\/p>\n<\/td>\n<\/tr>\n<tr>\n<td width=\"301\">\n<p style=\"text-align: center;\"><strong>Telo \u0161oljice: <\/strong><\/p>\n<\/td>\n<td width=\"301\">\n<p style=\"text-align: center;\">\u010celik<\/p>\n<\/td>\n<\/tr>\n<tr>\n<td width=\"301\">\n<p style=\"text-align: center;\"><strong>Tip \u0161arke: <\/strong><\/p>\n<\/td>\n<td width=\"301\">\n<p style=\"text-align: center;\">18 kolenasta<\/p>\n<\/td>\n<\/tr>\n<tr>\n<td width=\"301\">\n<p style=\"text-align: center;\"><strong> Zavr\u0161na obrada:<\/strong><\/p>\n<\/td>\n<td width=\"301\">\n<p style=\"text-align: center;\">Nikl<\/p>\n<\/td>\n<\/tr>\n<tr>\n<td width=\"301\">\n<p style=\"text-align: center;\"><strong>Pode\u0161avanje po dubini :<\/strong><\/p>\n<\/td>\n<td width=\"301\">\n<p style=\"text-align: center;\">\u00b12 mm<\/p>\n<\/td>\n<\/tr>\n<tr>\n<td width=\"301\">\n<p style=\"text-align: center;\"><strong>Jednostavno postavljanje <\/strong><\/p>\n<\/td>\n<td width=\"301\">Jednostavno postavljanje i skidanje vrata bez alata. Jedan dodir je dovoljan da se vrata zaka\u010de ili otka\u010de sa korpusa.<\/td>\n<\/tr>\n<tr>\n<td width=\"301\">\n<p style=\"text-align: center;\"><strong>Set\u00a0<\/strong><\/p>\n<\/td>\n<td width=\"301\">\u0160arka dolazi u setu sa podlo\u0161kama.<\/td>\n<\/tr>\n<\/tbody>\n<\/table>\n<p>&nbsp;<\/p>\n","protected":false},"excerpt":{"rendered":"<p>\u0160arka INVO kolenasta sa integrisanim usporiva\u010dem Soft Close Ugao otvaranja: 110\u02da Pre\u010dnik: \u00d835 mm Dubina: 12,5 mm Telo \u0161arke: \u010celik Telo \u0161oljice: \u010celik Tip \u0161arke: 18 kolenasta Zavr\u0161na obrada: Nikl Pode\u0161avanje po dubini : \u00b12 mm Jednostavno postavljanje Jednostavno postavljanje i skidanje vrata bez alata. Jedan dodir je dovoljan da se vrata zaka\u010de ili otka\u010de [&hellip;]<\/p>\n","protected":false},"featured_media":30060,"comment_status":"open","ping_status":"closed","template":"","meta":[],"product_brand":[],"product_cat":[250,258],"product_tag":[],"class_list":{"0":"post-30059","1":"product","2":"type-product","3":"status-publish","4":"has-post-thumbnail","6":"product_cat-sarke","7":"product_cat-sarke-za-namestaj-sa-usporivacima","9":"first","10":"instock","11":"purchasable","12":"product-type-simple"},"_links":{"self":[{"href":"https:\/\/savokusic.com\/prodaja\/wp-json\/wp\/v2\/product\/30059","targetHints":{"allow":["GET"]}}],"collection":[{"href":"https:\/\/savokusic.com\/prodaja\/wp-json\/wp\/v2\/product"}],"about":[{"href":"https:\/\/savokusic.com\/prodaja\/wp-json\/wp\/v2\/types\/product"}],"replies":[{"embeddable":true,"href":"https:\/\/savokusic.com\/prodaja\/wp-json\/wp\/v2\/comments?post=30059"}],"wp:featuredmedia":[{"embeddable":true,"href":"https:\/\/savokusic.com\/prodaja\/wp-json\/wp\/v2\/media\/30060"}],"wp:attachment":[{"href":"https:\/\/savokusic.com\/prodaja\/wp-json\/wp\/v2\/media?parent=30059"}],"wp:term":[{"taxonomy":"product_brand","embeddable":true,"href":"https:\/\/savokusic.com\/prodaja\/wp-json\/wp\/v2\/product_brand?post=30059"},{"taxonomy":"product_cat","embeddable":true,"href":"https:\/\/savokusic.com\/prodaja\/wp-json\/wp\/v2\/product_cat?post=30059"},{"taxonomy":"product_tag","embeddable":true,"href":"https:\/\/savokusic.com\/prodaja\/wp-json\/wp\/v2\/product_tag?post=30059"}],"curies":[{"name":"wp","href":"https:\/\/api.w.org\/{rel}","templated":true}]}}