{"id":29981,"date":"2018-10-25T03:56:19","date_gmt":"2018-10-25T03:56:19","guid":{"rendered":"https:\/\/savokusic.com\/prodaja\/?post_type=product&#038;p=29981"},"modified":"2022-08-23T09:06:24","modified_gmt":"2022-08-23T08:06:24","slug":"srafovi-4-5mm-drvo-iverica","status":"publish","type":"product","link":"https:\/\/savokusic.com\/prodaja\/proizvod\/srafovi-4-5mm-drvo-iverica\/","title":{"rendered":"\u0160rafovi \u22054.5mm-drvo iverica"},"content":{"rendered":"<p><strong>BTI \u0160rafovi za drvo nema\u010dke firme B.T.I. Poru\u010divanje po pakovanju.<\/strong><\/p>\n<table>\n<tbody>\n<tr>\n<td width=\"301\"><strong>Broj komada u pakovanju zavisi od odabrane dimenzije \u0161rafova:<\/strong><\/td>\n<td width=\"301\">4.5&#215;20=1000kom<\/p>\n<p>4.5&#215;25=1000kom<\/p>\n<p>4.5&#215;30=1000kom<\/p>\n<p>4.5&#215;35=500kom<\/p>\n<p>4.5&#215;40=500kom<\/p>\n<p>4.5&#215;45=500kom<\/p>\n<p>4.5&#215;50=400kom<\/p>\n<p>4.5&#215;55=400kom<\/p>\n<p>4.5&#215;60=400kom<\/p>\n<p>4.5&#215;70=200kom<\/p>\n<p>4.5&#215;80=200kom<\/p>\n<p>4.5&#215;90=200kom<\/p>\n<p>4.5&#215;100=150kom<\/p>\n<p>4.5&#215;120=150kom<\/td>\n<\/tr>\n<\/tbody>\n<\/table>\n<p>&nbsp;<\/p>\n","protected":false},"excerpt":{"rendered":"<p>Broj komada u pakovanju &#8211; pro\u010ditaj opis<\/p>\n","protected":false},"featured_media":30001,"comment_status":"open","ping_status":"closed","template":"","meta":[],"product_brand":[],"product_cat":[251,259,248],"product_tag":[],"class_list":{"0":"post-29981","1":"product","2":"type-product","3":"status-publish","4":"has-post-thumbnail","6":"product_cat-ekseri-i-srafovi","7":"product_cat-za-drvo","8":"product_cat-za-majstore","9":"pa_izaberi-duzinu-srafova-100mm","10":"pa_izaberi-duzinu-srafova-110mm","11":"pa_izaberi-duzinu-srafova-120mm","12":"pa_izaberi-duzinu-srafova-130mm","13":"pa_izaberi-duzinu-srafova-13mm","14":"pa_izaberi-duzinu-srafova-140mm","15":"pa_izaberi-duzinu-srafova-150mm","16":"pa_izaberi-duzinu-srafova-15mm","17":"pa_izaberi-duzinu-srafova-160mm","18":"pa_izaberi-duzinu-srafova-16mm","19":"pa_izaberi-duzinu-srafova-17mm","20":"pa_izaberi-duzinu-srafova-180mm","21":"pa_izaberi-duzinu-srafova-200mm","22":"pa_izaberi-duzinu-srafova-20mm","23":"pa_izaberi-duzinu-srafova-220mm","24":"pa_izaberi-duzinu-srafova-240mm","25":"pa_izaberi-duzinu-srafova-25mm","26":"pa_izaberi-duzinu-srafova-30mm","27":"pa_izaberi-duzinu-srafova-35mm","28":"pa_izaberi-duzinu-srafova-40mm","29":"pa_izaberi-duzinu-srafova-45mm","30":"pa_izaberi-duzinu-srafova-50mm","31":"pa_izaberi-duzinu-srafova-55mm","32":"pa_izaberi-duzinu-srafova-60mm","33":"pa_izaberi-duzinu-srafova-70mm","34":"pa_izaberi-duzinu-srafova-80mm","35":"pa_izaberi-duzinu-srafova-90mm","36":"pa_navoj-delimican-navoj","37":"pa_navoj-pun-navoj","39":"first","40":"instock","41":"purchasable","42":"product-type-variable"},"_links":{"self":[{"href":"https:\/\/savokusic.com\/prodaja\/wp-json\/wp\/v2\/product\/29981","targetHints":{"allow":["GET"]}}],"collection":[{"href":"https:\/\/savokusic.com\/prodaja\/wp-json\/wp\/v2\/product"}],"about":[{"href":"https:\/\/savokusic.com\/prodaja\/wp-json\/wp\/v2\/types\/product"}],"replies":[{"embeddable":true,"href":"https:\/\/savokusic.com\/prodaja\/wp-json\/wp\/v2\/comments?post=29981"}],"wp:featuredmedia":[{"embeddable":true,"href":"https:\/\/savokusic.com\/prodaja\/wp-json\/wp\/v2\/media\/30001"}],"wp:attachment":[{"href":"https:\/\/savokusic.com\/prodaja\/wp-json\/wp\/v2\/media?parent=29981"}],"wp:term":[{"taxonomy":"product_brand","embeddable":true,"href":"https:\/\/savokusic.com\/prodaja\/wp-json\/wp\/v2\/product_brand?post=29981"},{"taxonomy":"product_cat","embeddable":true,"href":"https:\/\/savokusic.com\/prodaja\/wp-json\/wp\/v2\/product_cat?post=29981"},{"taxonomy":"product_tag","embeddable":true,"href":"https:\/\/savokusic.com\/prodaja\/wp-json\/wp\/v2\/product_tag?post=29981"}],"curies":[{"name":"wp","href":"https:\/\/api.w.org\/{rel}","templated":true}]}}