{"id":29870,"date":"2018-10-23T21:19:29","date_gmt":"2018-10-23T21:19:29","guid":{"rendered":"https:\/\/savokusic.com\/prodaja\/?post_type=product&#038;p=29870"},"modified":"2022-08-23T09:06:21","modified_gmt":"2022-08-23T08:06:21","slug":"srafovi-3mm-drvo-iverica-25mm","status":"publish","type":"product","link":"https:\/\/savokusic.com\/prodaja\/proizvod\/srafovi-3mm-drvo-iverica-25mm\/","title":{"rendered":"\u0160rafovi \u22053mm-drvo iverica-25mm"},"content":{"rendered":"<table>\n<tbody>\n<tr>\n<td width=\"301\">\n<p style=\"text-align: center;\"><strong>BTI \u0160rafovi za drvo nema\u010dke firme B.T.I<\/strong>.<\/p>\n<\/td>\n<td width=\"301\">\n<p style=\"text-align: center;\">Poru\u010divanje po pakovanju. 1 pakovanje sadr\u017ei 1000 komada \u0161rafova bti<\/p>\n<\/td>\n<\/tr>\n<tr>\n<td width=\"301\">\n<p style=\"text-align: center;\"><strong>Namenjen je za<\/strong><\/p>\n<\/td>\n<td width=\"301\">\n<p style=\"text-align: center;\">drvo i iverice.<\/p>\n<\/td>\n<\/tr>\n<\/tbody>\n<\/table>\n<p>&nbsp;<\/p>\n","protected":false},"excerpt":{"rendered":"<p>1 paket=1000 komada<\/p>\n","protected":false},"featured_media":31367,"comment_status":"open","ping_status":"closed","template":"","meta":[],"product_brand":[],"product_cat":[251,259,248],"product_tag":[],"class_list":{"0":"post-29870","1":"product","2":"type-product","3":"status-publish","4":"has-post-thumbnail","6":"product_cat-ekseri-i-srafovi","7":"product_cat-za-drvo","8":"product_cat-za-majstore","9":"pa_navoj-delimican-navoj","10":"pa_navoj-pun-navoj","12":"first","13":"instock","14":"purchasable","15":"product-type-variable"},"_links":{"self":[{"href":"https:\/\/savokusic.com\/prodaja\/wp-json\/wp\/v2\/product\/29870","targetHints":{"allow":["GET"]}}],"collection":[{"href":"https:\/\/savokusic.com\/prodaja\/wp-json\/wp\/v2\/product"}],"about":[{"href":"https:\/\/savokusic.com\/prodaja\/wp-json\/wp\/v2\/types\/product"}],"replies":[{"embeddable":true,"href":"https:\/\/savokusic.com\/prodaja\/wp-json\/wp\/v2\/comments?post=29870"}],"wp:featuredmedia":[{"embeddable":true,"href":"https:\/\/savokusic.com\/prodaja\/wp-json\/wp\/v2\/media\/31367"}],"wp:attachment":[{"href":"https:\/\/savokusic.com\/prodaja\/wp-json\/wp\/v2\/media?parent=29870"}],"wp:term":[{"taxonomy":"product_brand","embeddable":true,"href":"https:\/\/savokusic.com\/prodaja\/wp-json\/wp\/v2\/product_brand?post=29870"},{"taxonomy":"product_cat","embeddable":true,"href":"https:\/\/savokusic.com\/prodaja\/wp-json\/wp\/v2\/product_cat?post=29870"},{"taxonomy":"product_tag","embeddable":true,"href":"https:\/\/savokusic.com\/prodaja\/wp-json\/wp\/v2\/product_tag?post=29870"}],"curies":[{"name":"wp","href":"https:\/\/api.w.org\/{rel}","templated":true}]}}