{"id":29809,"date":"2018-10-20T21:05:51","date_gmt":"2018-10-20T21:05:51","guid":{"rendered":"https:\/\/savokusic.com\/prodaja\/?post_type=product&#038;p=29809"},"modified":"2022-08-23T09:06:19","modified_gmt":"2022-08-23T08:06:19","slug":"sarka-18-hafele","status":"publish","type":"product","link":"https:\/\/savokusic.com\/prodaja\/proizvod\/sarka-18-hafele\/","title":{"rendered":"\u0160arka 18, Hafele"},"content":{"rendered":"<p><strong>\u0160arka 18 za bu\u0161eno staklo Specifikacije<\/strong><\/p>\n<table>\n<tbody>\n<tr>\n<td width=\"301\">\n<p style=\"text-align: center;\"><strong>Proizvo\u0111a\u010d:<\/strong><\/p>\n<\/td>\n<td width=\"301\">\n<p style=\"text-align: center;\">Hafele<\/p>\n<\/td>\n<\/tr>\n<\/tbody>\n<\/table>\n<p>&nbsp;<\/p>\n","protected":false},"excerpt":{"rendered":"<p>\u0160arka 18 za bu\u0161eno staklo Specifikacije Proizvo\u0111a\u010d: Hafele &nbsp;<\/p>\n","protected":false},"featured_media":29810,"comment_status":"open","ping_status":"closed","template":"","meta":[],"product_brand":[],"product_cat":[250,257],"product_tag":[],"class_list":{"0":"post-29809","1":"product","2":"type-product","3":"status-publish","4":"has-post-thumbnail","6":"product_cat-sarke","7":"product_cat-sarke-za-buseno-staklo","8":"pa_material-gvoz-e","10":"first","11":"instock","12":"purchasable","13":"product-type-simple"},"_links":{"self":[{"href":"https:\/\/savokusic.com\/prodaja\/wp-json\/wp\/v2\/product\/29809","targetHints":{"allow":["GET"]}}],"collection":[{"href":"https:\/\/savokusic.com\/prodaja\/wp-json\/wp\/v2\/product"}],"about":[{"href":"https:\/\/savokusic.com\/prodaja\/wp-json\/wp\/v2\/types\/product"}],"replies":[{"embeddable":true,"href":"https:\/\/savokusic.com\/prodaja\/wp-json\/wp\/v2\/comments?post=29809"}],"wp:featuredmedia":[{"embeddable":true,"href":"https:\/\/savokusic.com\/prodaja\/wp-json\/wp\/v2\/media\/29810"}],"wp:attachment":[{"href":"https:\/\/savokusic.com\/prodaja\/wp-json\/wp\/v2\/media?parent=29809"}],"wp:term":[{"taxonomy":"product_brand","embeddable":true,"href":"https:\/\/savokusic.com\/prodaja\/wp-json\/wp\/v2\/product_brand?post=29809"},{"taxonomy":"product_cat","embeddable":true,"href":"https:\/\/savokusic.com\/prodaja\/wp-json\/wp\/v2\/product_cat?post=29809"},{"taxonomy":"product_tag","embeddable":true,"href":"https:\/\/savokusic.com\/prodaja\/wp-json\/wp\/v2\/product_tag?post=29809"}],"curies":[{"name":"wp","href":"https:\/\/api.w.org\/{rel}","templated":true}]}}