{"id":29771,"date":"2018-10-20T03:18:33","date_gmt":"2018-10-20T03:18:33","guid":{"rendered":"https:\/\/savokusic.com\/prodaja\/?post_type=product&#038;p=29771"},"modified":"2022-08-23T09:06:19","modified_gmt":"2022-08-23T08:06:19","slug":"sarka-badge-leva","status":"publish","type":"product","link":"https:\/\/savokusic.com\/prodaja\/proizvod\/sarka-badge-leva\/","title":{"rendered":"\u0160arka Badge, Leva, Sjaj"},"content":{"rendered":"<p><strong>\u0160arka za staklena vrata &#8222;BADGE&#8220; &#8211; Leva Specifikacije <\/strong><\/p>\n<table>\n<tbody>\n<tr>\n<td width=\"301\">\n<p style=\"text-align: center;\"><strong>Model \u0161arke<\/strong><\/p>\n<\/td>\n<td width=\"301\">Model \u0161arke &#8222;BADGE&#8220; namenjen je za nebu\u0161eno staklo debljine od 4 do 6mm.<\/td>\n<\/tr>\n<tr>\n<td width=\"301\">\n<p style=\"text-align: center;\"><strong>set <\/strong><\/p>\n<\/td>\n<td width=\"301\">Prodaje se kao set u kojem se nalazi srednja leva \u0161arka, zajedno sa PVC \u0161rafovima koji pri\u010dvr\u0161\u0107uju staklo unutar same \u0161arke.<\/td>\n<\/tr>\n<tr>\n<td width=\"301\">\n<p style=\"text-align: center;\"><strong>\u0160arka sadr\u017ei <\/strong><\/p>\n<\/td>\n<td width=\"301\">\u0160arka sadr\u017ei integrisan osigura\u010d koji spre\u010dava ne\u017eeljeno otvaranje vrata.<\/td>\n<\/tr>\n<tr>\n<td width=\"301\">\n<p style=\"text-align: center;\"><strong>Ugao otvaranja<\/strong><\/p>\n<\/td>\n<td width=\"301\">Ugao otvaranja \u0161arke je u rasponu od 90\u00ba do 180\u00b0.<\/td>\n<\/tr>\n<tr>\n<td width=\"301\">\n<p style=\"text-align: center;\"><strong>Namenjena su za <\/strong><\/p>\n<\/td>\n<td width=\"301\">staklene frontove visine do max 1000mm i \u0161irine max do 400mm.<\/td>\n<\/tr>\n<tr>\n<td width=\"301\">\n<p style=\"text-align: center;\"><strong>Izra\u010dunavanje dimenzija staklenog fronta:<\/strong><\/p>\n<\/td>\n<td width=\"301\">&nbsp;<\/td>\n<\/tr>\n<tr>\n<td width=\"301\">\n<p style=\"text-align: center;\"><strong>Visina<\/strong><\/p>\n<\/td>\n<td width=\"301\">Visina= Unutra\u0161nja visina koprusa se umanjuje za 8mm<\/td>\n<\/tr>\n<tr>\n<td width=\"301\">\n<p style=\"text-align: center;\"><strong>*\u0160irina<\/strong><\/p>\n<\/td>\n<td width=\"301\">*\u0160irina= Unutra\u0161nja \u0161irina korpusa se umanjuje za 4mm<\/td>\n<\/tr>\n<tr>\n<td width=\"301\">\n<p style=\"text-align: center;\"><strong>Materijal:<\/strong><\/p>\n<\/td>\n<td width=\"301\">\n<p style=\"text-align: center;\">Zamak (ZnAl)<\/p>\n<\/td>\n<\/tr>\n<tr>\n<td width=\"301\">\n<p style=\"text-align: center;\"><strong>Zavr\u0161na obrada: <\/strong><\/p>\n<\/td>\n<td width=\"301\">\n<p style=\"text-align: center;\">Sjaj srebro<\/p>\n<\/td>\n<\/tr>\n<tr>\n<td width=\"301\">\n<p style=\"text-align: center;\"><strong>Proizvo\u0111a\u010d:\u00a0\u00a0<\/strong><\/p>\n<\/td>\n<td width=\"301\">\n<p style=\"text-align: center;\">SISO<\/p>\n<\/td>\n<\/tr>\n<tr>\n<td width=\"301\">\n<p style=\"text-align: center;\"><strong>Montiranje<\/strong><\/p>\n<\/td>\n<td width=\"301\">* Ukoliko se na stakleni front postavlja &#8222;BADGE&#8220; ru\u010dica za nebu\u0161eno staklo, potrebno je umanjiti staklo za jo\u0161 dodatnih 4mm od unutra\u0161nje \u0161irine korpusa.<\/td>\n<\/tr>\n<\/tbody>\n<\/table>\n<p>&nbsp;<\/p>\n","protected":false},"excerpt":{"rendered":"<p>\u0160arka za staklena vrata &#8222;BADGE&#8220; &#8211; Leva Specifikacije Model \u0161arke Model \u0161arke &#8222;BADGE&#8220; namenjen je za nebu\u0161eno staklo debljine od 4 do 6mm. set Prodaje se kao set u kojem se nalazi srednja leva \u0161arka, zajedno sa PVC \u0161rafovima koji pri\u010dvr\u0161\u0107uju staklo unutar same \u0161arke. \u0160arka sadr\u017ei \u0160arka sadr\u017ei integrisan osigura\u010d koji spre\u010dava ne\u017eeljeno otvaranje [&hellip;]<\/p>\n","protected":false},"featured_media":29772,"comment_status":"open","ping_status":"closed","template":"","meta":[],"product_brand":[],"product_cat":[250,256],"product_tag":[],"class_list":{"0":"post-29771","1":"product","2":"type-product","3":"status-publish","4":"has-post-thumbnail","6":"product_cat-sarke","7":"product_cat-sarke-za-nebuseno-staklo","8":"pa_material-zamak-znal","10":"first","11":"instock","12":"purchasable","13":"product-type-simple"},"_links":{"self":[{"href":"https:\/\/savokusic.com\/prodaja\/wp-json\/wp\/v2\/product\/29771","targetHints":{"allow":["GET"]}}],"collection":[{"href":"https:\/\/savokusic.com\/prodaja\/wp-json\/wp\/v2\/product"}],"about":[{"href":"https:\/\/savokusic.com\/prodaja\/wp-json\/wp\/v2\/types\/product"}],"replies":[{"embeddable":true,"href":"https:\/\/savokusic.com\/prodaja\/wp-json\/wp\/v2\/comments?post=29771"}],"wp:featuredmedia":[{"embeddable":true,"href":"https:\/\/savokusic.com\/prodaja\/wp-json\/wp\/v2\/media\/29772"}],"wp:attachment":[{"href":"https:\/\/savokusic.com\/prodaja\/wp-json\/wp\/v2\/media?parent=29771"}],"wp:term":[{"taxonomy":"product_brand","embeddable":true,"href":"https:\/\/savokusic.com\/prodaja\/wp-json\/wp\/v2\/product_brand?post=29771"},{"taxonomy":"product_cat","embeddable":true,"href":"https:\/\/savokusic.com\/prodaja\/wp-json\/wp\/v2\/product_cat?post=29771"},{"taxonomy":"product_tag","embeddable":true,"href":"https:\/\/savokusic.com\/prodaja\/wp-json\/wp\/v2\/product_tag?post=29771"}],"curies":[{"name":"wp","href":"https:\/\/api.w.org\/{rel}","templated":true}]}}