{"id":29738,"date":"2018-10-20T01:57:53","date_gmt":"2018-10-20T01:57:53","guid":{"rendered":"https:\/\/savokusic.com\/prodaja\/?post_type=product&#038;p=29738"},"modified":"2022-08-23T09:06:18","modified_gmt":"2022-08-23T08:06:18","slug":"sarnir-100x68x1","status":"publish","type":"product","link":"https:\/\/savokusic.com\/prodaja\/proizvod\/sarnir-100x68x1\/","title":{"rendered":"\u0160arnir 50x35x1"},"content":{"rendered":"<p><strong>\u0160arnir 100x68x1, 8-Zn Specifikacije<\/strong><\/p>\n<table>\n<tbody>\n<tr>\n<td width=\"301\">\n<p style=\"text-align: center;\"><strong>Proizvo\u0111a\u010d: <\/strong><\/p>\n<\/td>\n<td width=\"301\">\n<p style=\"text-align: center;\">EURO-PROFIL<\/p>\n<\/td>\n<\/tr>\n<\/tbody>\n<\/table>\n<p>&nbsp;<\/p>\n","protected":false},"excerpt":{"rendered":"<p>\u0160arnir 100x68x1, 8-Zn Specifikacije Proizvo\u0111a\u010d: EURO-PROFIL &nbsp;<\/p>\n","protected":false},"featured_media":29739,"comment_status":"open","ping_status":"closed","template":"","meta":[],"product_brand":[],"product_cat":[253,250],"product_tag":[],"class_list":{"0":"post-29738","1":"product","2":"type-product","3":"status-publish","4":"has-post-thumbnail","6":"product_cat-klavir-sarke-i-sarniri","7":"product_cat-sarke","8":"pa_material-elik","10":"first","11":"instock","12":"purchasable","13":"product-type-simple"},"_links":{"self":[{"href":"https:\/\/savokusic.com\/prodaja\/wp-json\/wp\/v2\/product\/29738","targetHints":{"allow":["GET"]}}],"collection":[{"href":"https:\/\/savokusic.com\/prodaja\/wp-json\/wp\/v2\/product"}],"about":[{"href":"https:\/\/savokusic.com\/prodaja\/wp-json\/wp\/v2\/types\/product"}],"replies":[{"embeddable":true,"href":"https:\/\/savokusic.com\/prodaja\/wp-json\/wp\/v2\/comments?post=29738"}],"wp:featuredmedia":[{"embeddable":true,"href":"https:\/\/savokusic.com\/prodaja\/wp-json\/wp\/v2\/media\/29739"}],"wp:attachment":[{"href":"https:\/\/savokusic.com\/prodaja\/wp-json\/wp\/v2\/media?parent=29738"}],"wp:term":[{"taxonomy":"product_brand","embeddable":true,"href":"https:\/\/savokusic.com\/prodaja\/wp-json\/wp\/v2\/product_brand?post=29738"},{"taxonomy":"product_cat","embeddable":true,"href":"https:\/\/savokusic.com\/prodaja\/wp-json\/wp\/v2\/product_cat?post=29738"},{"taxonomy":"product_tag","embeddable":true,"href":"https:\/\/savokusic.com\/prodaja\/wp-json\/wp\/v2\/product_tag?post=29738"}],"curies":[{"name":"wp","href":"https:\/\/api.w.org\/{rel}","templated":true}]}}