{"id":29735,"date":"2018-10-20T01:49:45","date_gmt":"2018-10-20T01:49:45","guid":{"rendered":"https:\/\/savokusic.com\/prodaja\/?post_type=product&#038;p=29735"},"modified":"2022-08-23T09:06:18","modified_gmt":"2022-08-23T08:06:18","slug":"usporivac-za-sarke","status":"publish","type":"product","link":"https:\/\/savokusic.com\/prodaja\/proizvod\/usporivac-za-sarke\/","title":{"rendered":"Usporiva\u010d za \u0161arke"},"content":{"rendered":"<p><strong>Usporiva\u010d za \u0161arke.<\/strong> <strong>Specifikacije<\/strong><\/p>\n<table>\n<tbody>\n<tr>\n<td width=\"301\">\n<p style=\"text-align: center;\"><strong>Proizvo\u0111a\u010d: <\/strong><\/p>\n<\/td>\n<td width=\"301\">\n<p style=\"text-align: center;\">FGV<\/p>\n<\/td>\n<\/tr>\n<\/tbody>\n<\/table>\n<p>&nbsp;<\/p>\n","protected":false},"excerpt":{"rendered":"<p>Usporiva\u010d za \u0161arke. Specifikacije Proizvo\u0111a\u010d: FGV &nbsp;<\/p>\n","protected":false},"featured_media":29736,"comment_status":"open","ping_status":"closed","template":"","meta":[],"product_brand":[],"product_cat":[252,250],"product_tag":[],"class_list":{"0":"post-29735","1":"product","2":"type-product","3":"status-publish","4":"has-post-thumbnail","6":"product_cat-prateci-elementi","7":"product_cat-sarke","8":"pa_material-elik","10":"first","11":"instock","12":"purchasable","13":"product-type-simple"},"_links":{"self":[{"href":"https:\/\/savokusic.com\/prodaja\/wp-json\/wp\/v2\/product\/29735","targetHints":{"allow":["GET"]}}],"collection":[{"href":"https:\/\/savokusic.com\/prodaja\/wp-json\/wp\/v2\/product"}],"about":[{"href":"https:\/\/savokusic.com\/prodaja\/wp-json\/wp\/v2\/types\/product"}],"replies":[{"embeddable":true,"href":"https:\/\/savokusic.com\/prodaja\/wp-json\/wp\/v2\/comments?post=29735"}],"wp:featuredmedia":[{"embeddable":true,"href":"https:\/\/savokusic.com\/prodaja\/wp-json\/wp\/v2\/media\/29736"}],"wp:attachment":[{"href":"https:\/\/savokusic.com\/prodaja\/wp-json\/wp\/v2\/media?parent=29735"}],"wp:term":[{"taxonomy":"product_brand","embeddable":true,"href":"https:\/\/savokusic.com\/prodaja\/wp-json\/wp\/v2\/product_brand?post=29735"},{"taxonomy":"product_cat","embeddable":true,"href":"https:\/\/savokusic.com\/prodaja\/wp-json\/wp\/v2\/product_cat?post=29735"},{"taxonomy":"product_tag","embeddable":true,"href":"https:\/\/savokusic.com\/prodaja\/wp-json\/wp\/v2\/product_tag?post=29735"}],"curies":[{"name":"wp","href":"https:\/\/api.w.org\/{rel}","templated":true}]}}