{"id":29709,"date":"2018-10-19T19:05:45","date_gmt":"2018-10-19T19:05:45","guid":{"rendered":"https:\/\/savokusic.com\/prodaja\/?post_type=product&#038;p=29709"},"modified":"2022-08-23T09:06:17","modified_gmt":"2022-08-23T08:06:17","slug":"potisni-magnet-za-zatvaranje-2","status":"publish","type":"product","link":"https:\/\/savokusic.com\/prodaja\/proizvod\/potisni-magnet-za-zatvaranje-2\/","title":{"rendered":"Dupli potisni magnet za zatvaranje"},"content":{"rendered":"<table>\n<tbody>\n<tr>\n<td width=\"301\">\n<p style=\"text-align: center;\"><strong>Karakteristike<\/strong><\/p>\n<\/td>\n<td width=\"301\">Potisni magnet za zatvaranje sa dve magnetne plo\u010de<\/td>\n<\/tr>\n<tr>\n<td width=\"301\">\n<p style=\"text-align: center;\"><strong>Proizvo\u0111a\u010d: <\/strong><\/p>\n<\/td>\n<td width=\"301\">Hafele<\/td>\n<\/tr>\n<\/tbody>\n<\/table>\n<p>&nbsp;<\/p>\n","protected":false},"excerpt":{"rendered":"<p>Karakteristike Potisni magnet za zatvaranje sa dve magnetne plo\u010de Proizvo\u0111a\u010d: Hafele &nbsp;<\/p>\n","protected":false},"featured_media":29710,"comment_status":"open","ping_status":"closed","template":"","meta":[],"product_brand":[],"product_cat":[252,250],"product_tag":[],"class_list":{"0":"post-29709","1":"product","2":"type-product","3":"status-publish","4":"has-post-thumbnail","6":"product_cat-prateci-elementi","7":"product_cat-sarke","8":"pa_material-gvoz-e","10":"first","11":"instock","12":"purchasable","13":"product-type-simple"},"_links":{"self":[{"href":"https:\/\/savokusic.com\/prodaja\/wp-json\/wp\/v2\/product\/29709","targetHints":{"allow":["GET"]}}],"collection":[{"href":"https:\/\/savokusic.com\/prodaja\/wp-json\/wp\/v2\/product"}],"about":[{"href":"https:\/\/savokusic.com\/prodaja\/wp-json\/wp\/v2\/types\/product"}],"replies":[{"embeddable":true,"href":"https:\/\/savokusic.com\/prodaja\/wp-json\/wp\/v2\/comments?post=29709"}],"wp:featuredmedia":[{"embeddable":true,"href":"https:\/\/savokusic.com\/prodaja\/wp-json\/wp\/v2\/media\/29710"}],"wp:attachment":[{"href":"https:\/\/savokusic.com\/prodaja\/wp-json\/wp\/v2\/media?parent=29709"}],"wp:term":[{"taxonomy":"product_brand","embeddable":true,"href":"https:\/\/savokusic.com\/prodaja\/wp-json\/wp\/v2\/product_brand?post=29709"},{"taxonomy":"product_cat","embeddable":true,"href":"https:\/\/savokusic.com\/prodaja\/wp-json\/wp\/v2\/product_cat?post=29709"},{"taxonomy":"product_tag","embeddable":true,"href":"https:\/\/savokusic.com\/prodaja\/wp-json\/wp\/v2\/product_tag?post=29709"}],"curies":[{"name":"wp","href":"https:\/\/api.w.org\/{rel}","templated":true}]}}