{"id":29702,"date":"2018-10-09T17:33:37","date_gmt":"2018-10-09T17:33:37","guid":{"rendered":"https:\/\/savokusic.com\/prodaja\/?post_type=product&#038;p=29702"},"modified":"2022-08-23T09:06:17","modified_gmt":"2022-08-23T08:06:17","slug":"ekseri-ge-za-stukatur","status":"publish","type":"product","link":"https:\/\/savokusic.com\/prodaja\/proizvod\/ekseri-ge-za-stukatur\/","title":{"rendered":"Ekseri \u0413 2x30mm"},"content":{"rendered":"<table>\n<tbody>\n<tr>\n<td width=\"301\">\n<p style=\"text-align: center;\"><strong>Pakovanje<\/strong><\/p>\n<\/td>\n<td width=\"301\">Jedno pakovanje iznosi\u00a01kg eksera 2mmx30mm u obliku slova \u0413 (\u0107irilica). Koli\u010dina se izra\u017eava u kilogramima<\/td>\n<\/tr>\n<\/tbody>\n<\/table>\n<p>&nbsp;<\/p>\n","protected":false},"excerpt":{"rendered":"<p>Jedan paket=1kg eksera<\/p>\n<p>Poru\u010divanje po kilogramu<\/p>\n","protected":false},"featured_media":29703,"comment_status":"open","ping_status":"closed","template":"","meta":[],"product_brand":[],"product_cat":[251,248],"product_tag":[],"class_list":{"0":"post-29702","1":"product","2":"type-product","3":"status-publish","4":"has-post-thumbnail","6":"product_cat-ekseri-i-srafovi","7":"product_cat-za-majstore","8":"pa_material-gvoz-e","10":"first","11":"instock","12":"purchasable","13":"product-type-simple"},"_links":{"self":[{"href":"https:\/\/savokusic.com\/prodaja\/wp-json\/wp\/v2\/product\/29702","targetHints":{"allow":["GET"]}}],"collection":[{"href":"https:\/\/savokusic.com\/prodaja\/wp-json\/wp\/v2\/product"}],"about":[{"href":"https:\/\/savokusic.com\/prodaja\/wp-json\/wp\/v2\/types\/product"}],"replies":[{"embeddable":true,"href":"https:\/\/savokusic.com\/prodaja\/wp-json\/wp\/v2\/comments?post=29702"}],"wp:featuredmedia":[{"embeddable":true,"href":"https:\/\/savokusic.com\/prodaja\/wp-json\/wp\/v2\/media\/29703"}],"wp:attachment":[{"href":"https:\/\/savokusic.com\/prodaja\/wp-json\/wp\/v2\/media?parent=29702"}],"wp:term":[{"taxonomy":"product_brand","embeddable":true,"href":"https:\/\/savokusic.com\/prodaja\/wp-json\/wp\/v2\/product_brand?post=29702"},{"taxonomy":"product_cat","embeddable":true,"href":"https:\/\/savokusic.com\/prodaja\/wp-json\/wp\/v2\/product_cat?post=29702"},{"taxonomy":"product_tag","embeddable":true,"href":"https:\/\/savokusic.com\/prodaja\/wp-json\/wp\/v2\/product_tag?post=29702"}],"curies":[{"name":"wp","href":"https:\/\/api.w.org\/{rel}","templated":true}]}}