{"id":28641,"date":"2018-03-12T19:43:00","date_gmt":"2018-03-12T19:43:00","guid":{"rendered":"https:\/\/savokusic.com\/prodaja\/?post_type=product&#038;p=28641"},"modified":"2022-08-23T09:06:00","modified_gmt":"2022-08-23T08:06:00","slug":"club-duo-dvosed","status":"publish","type":"product","link":"https:\/\/savokusic.com\/prodaja\/proizvod\/club-duo-dvosed\/","title":{"rendered":"Club Duo-dvosed"},"content":{"rendered":"<div id=\"gt-text-top\">\n<div id=\"gt-res-c\" class=\"g-unit\">\n<div id=\"gt-res-p\">\n<div id=\"gt-res-data\">\n<div id=\"res-translit\" class=\"translit\" dir=\"ltr\"><span style=\"text-decoration: underline; font-size: medium;\"><strong>Meko sedenje: Club Duo-dvosed specifikacije<\/strong><\/span><\/div>\n<div dir=\"ltr\"><\/div>\n<\/div>\n<\/div>\n<\/div>\n<div class=\"translit\" dir=\"ltr\">\n<table>\n<tbody>\n<tr>\n<td width=\"301\">\n<p style=\"text-align: center;\"><strong><span style=\"font-size: medium;\">Sedi\u0161te i naslon za sedenje<\/span><\/strong><\/p>\n<\/td>\n<td width=\"301\">\n<ul>\n<li>mekano tapacirano sedi\u0161te i naslon<\/li>\n<li>sedi\u0161te i naslon za sedenje sa integrisanim naslonima za ruke<\/li>\n<\/ul>\n<\/td>\n<\/tr>\n<\/tbody>\n<\/table>\n<\/div>\n<div id=\"gt-res-c\" class=\"g-unit\">\n<div id=\"gt-res-p\">\n<div id=\"gt-res-data\">\n<div class=\"translit\" dir=\"ltr\">\n<p><span style=\"font-size: medium;\">\u00a0<\/span><\/p>\n<\/div>\n<\/div>\n<\/div>\n<\/div>\n<div id=\"gt-promo-lr\"><\/div>\n<\/div>\n","protected":false},"excerpt":{"rendered":"<p>Meko sedenje: Club Duo-dvosed specifikacije Sedi\u0161te i naslon za sedenje mekano tapacirano sedi\u0161te i naslon sedi\u0161te i naslon za sedenje sa integrisanim naslonima za ruke \u00a0<\/p>\n","protected":false},"featured_media":30671,"comment_status":"open","ping_status":"closed","template":"","meta":[],"product_brand":[],"product_cat":[244,247,231,206],"product_tag":[],"class_list":{"0":"post-28641","1":"product","2":"type-product","3":"status-publish","4":"has-post-thumbnail","6":"product_cat-armchairs","7":"product_cat-fotelje","8":"product_cat-kancelarija","9":"product_cat-za-dnevnu","10":"pa_basis-drveni-masiv","11":"pa_eko-koza-eco-1","12":"pa_eko-koza-eco-13","13":"pa_eko-koza-eco-21","14":"pa_eko-koza-eco-28","15":"pa_eko-koza-eco-30","16":"pa_eko-koza-eco-31","17":"pa_eko-koza-eco-45","18":"pa_eko-koza-eco-50","19":"pa_eko-koza-eco-7","20":"pa_eko-koza-eco-70","21":"pa_eko-koza-eco-72","22":"pa_eko-koza-eco-90","23":"pa_eko-koza-v01","24":"pa_eko-koza-v02n","25":"pa_eko-koza-v04","26":"pa_eko-koza-v13","27":"pa_eko-koza-v14n","28":"pa_eko-koza-v16n","29":"pa_eko-koza-v17","30":"pa_eko-koza-v18n","31":"pa_eko-koza-v19n","32":"pa_eko-koza-v20","33":"pa_eko-koza-v26","34":"pa_eko-koza-v28","35":"pa_eko-koza-v46","36":"pa_eko-koza-v47","37":"pa_eko-koza-v49","38":"pa_eko-koza-v53n","39":"pa_eko-koza-v62","40":"pa_eko-koza-v79n","41":"pa_eko-koza-v82","42":"pa_eko-koza-v83","43":"pa_eko-koza-v98","44":"pa_tapacir-eko-koza-v26","46":"first","47":"instock","48":"purchasable","49":"product-type-variable"},"_links":{"self":[{"href":"https:\/\/savokusic.com\/prodaja\/wp-json\/wp\/v2\/product\/28641","targetHints":{"allow":["GET"]}}],"collection":[{"href":"https:\/\/savokusic.com\/prodaja\/wp-json\/wp\/v2\/product"}],"about":[{"href":"https:\/\/savokusic.com\/prodaja\/wp-json\/wp\/v2\/types\/product"}],"replies":[{"embeddable":true,"href":"https:\/\/savokusic.com\/prodaja\/wp-json\/wp\/v2\/comments?post=28641"}],"wp:featuredmedia":[{"embeddable":true,"href":"https:\/\/savokusic.com\/prodaja\/wp-json\/wp\/v2\/media\/30671"}],"wp:attachment":[{"href":"https:\/\/savokusic.com\/prodaja\/wp-json\/wp\/v2\/media?parent=28641"}],"wp:term":[{"taxonomy":"product_brand","embeddable":true,"href":"https:\/\/savokusic.com\/prodaja\/wp-json\/wp\/v2\/product_brand?post=28641"},{"taxonomy":"product_cat","embeddable":true,"href":"https:\/\/savokusic.com\/prodaja\/wp-json\/wp\/v2\/product_cat?post=28641"},{"taxonomy":"product_tag","embeddable":true,"href":"https:\/\/savokusic.com\/prodaja\/wp-json\/wp\/v2\/product_tag?post=28641"}],"curies":[{"name":"wp","href":"https:\/\/api.w.org\/{rel}","templated":true}]}}