{"id":27119,"date":"2018-02-26T01:38:03","date_gmt":"2018-02-26T01:38:03","guid":{"rendered":"https:\/\/savokusic.com\/prodaja\/?post_type=product&#038;p=27119"},"modified":"2022-08-23T09:05:26","modified_gmt":"2022-08-23T08:05:26","slug":"granite-fotelja-prirodna-koza","status":"publish","type":"product","link":"https:\/\/savokusic.com\/prodaja\/proizvod\/granite-fotelja-prirodna-koza\/","title":{"rendered":"Granite fotelja prirodna ko\u017ea"},"content":{"rendered":"<p><span style=\"text-decoration: underline; font-size: medium;\"><strong>Meko sedenje: Granite fotelja-ko\u017ea Specifikacije <\/strong><\/span><\/p>\n<table>\n<tbody>\n<tr>\n<td width=\"301\">\n<p style=\"text-align: center;\"><strong><span style=\"font-size: medium;\">Sediste i naslon<\/span><\/strong><\/p>\n<\/td>\n<td width=\"301\">\n<ul>\n<li>Potpuno tapacirano sedi\u0161te i naslon.<\/li>\n<\/ul>\n<\/td>\n<\/tr>\n<tr>\n<td width=\"301\">\n<p style=\"text-align: center;\"><strong><span style=\"font-size: medium;\">Baza<\/span><\/strong><\/p>\n<\/td>\n<td width=\"301\">\n<ul>\n<li>Hromirana osnova od \u010deli\u010dnih \u0161ipki sa prozirnim kliza\u010dima za \u010dvrste podove.<\/li>\n<li>Dizajn sedi\u0161ta uklju\u010duje vrhunske DUKS opruge.<\/li>\n<li>Fotelja mo\u017ee biti tapacirana u dve razli\u010dite boje, jer se to ra\u010duna kao jedan zavr\u0161etak.<\/li>\n<\/ul>\n<\/td>\n<\/tr>\n<\/tbody>\n<\/table>\n<p><span style=\"font-size: medium;\">\u00a0<\/span><\/p>\n","protected":false},"excerpt":{"rendered":"<p>Meko sedenje: Granite fotelja-ko\u017ea Specifikacije Sediste i naslon Potpuno tapacirano sedi\u0161te i naslon. Baza Hromirana osnova od \u010deli\u010dnih \u0161ipki sa prozirnim kliza\u010dima za \u010dvrste podove. Dizajn sedi\u0161ta uklju\u010duje vrhunske DUKS opruge. Fotelja mo\u017ee biti tapacirana u dve razli\u010dite boje, jer se to ra\u010duna kao jedan zavr\u0161etak. \u00a0<\/p>\n","protected":false},"featured_media":27134,"comment_status":"open","ping_status":"closed","template":"","meta":[],"product_brand":[],"product_cat":[244,247,231,206],"product_tag":[],"class_list":{"0":"post-27119","1":"product","2":"type-product","3":"status-publish","4":"has-post-thumbnail","6":"product_cat-armchairs","7":"product_cat-fotelje","8":"product_cat-kancelarija","9":"product_cat-za-dnevnu","10":"pa_basis-hromiran-metal","11":"pa_materials-prirodna-koza-q-1-2-1-4-mm","12":"pa_prirodna-koza-le01","13":"pa_prirodna-koza-le06","14":"pa_prirodna-koza-le13","15":"pa_prirodna-koza-le14","16":"pa_prirodna-koza-q1","17":"pa_prirodna-koza-q10","18":"pa_prirodna-koza-q12","19":"pa_prirodna-koza-q14","20":"pa_prirodna-koza-q2","21":"pa_prirodna-koza-q7","22":"pa_prirodna-koza-q9","23":"pa_prirodna-koza-sd-01","24":"pa_prirodna-koza-sd-03","25":"pa_prirodna-koza-sd-04","26":"pa_prirodna-koza-sd-06","27":"pa_prirodna-koza-sd-07","28":"pa_prirodna-koza-sd-08","29":"pa_prirodna-koza-sd-09","30":"pa_prirodna-koza-sd-15","31":"pa_prirodna-koza-sd-16","32":"pa_prirodna-koza-sp-01","33":"pa_prirodna-koza-sp-02","34":"pa_prirodna-koza-sp-03","35":"pa_prirodna-koza-sp-06","36":"pa_prirodna-koza-sp-07","37":"pa_prirodna-koza-sp-11","38":"pa_prirodna-koza-sp-12","39":"pa_tapacir-prirodna-koza-q","41":"first","42":"instock","43":"purchasable","44":"product-type-variable"},"_links":{"self":[{"href":"https:\/\/savokusic.com\/prodaja\/wp-json\/wp\/v2\/product\/27119","targetHints":{"allow":["GET"]}}],"collection":[{"href":"https:\/\/savokusic.com\/prodaja\/wp-json\/wp\/v2\/product"}],"about":[{"href":"https:\/\/savokusic.com\/prodaja\/wp-json\/wp\/v2\/types\/product"}],"replies":[{"embeddable":true,"href":"https:\/\/savokusic.com\/prodaja\/wp-json\/wp\/v2\/comments?post=27119"}],"wp:featuredmedia":[{"embeddable":true,"href":"https:\/\/savokusic.com\/prodaja\/wp-json\/wp\/v2\/media\/27134"}],"wp:attachment":[{"href":"https:\/\/savokusic.com\/prodaja\/wp-json\/wp\/v2\/media?parent=27119"}],"wp:term":[{"taxonomy":"product_brand","embeddable":true,"href":"https:\/\/savokusic.com\/prodaja\/wp-json\/wp\/v2\/product_brand?post=27119"},{"taxonomy":"product_cat","embeddable":true,"href":"https:\/\/savokusic.com\/prodaja\/wp-json\/wp\/v2\/product_cat?post=27119"},{"taxonomy":"product_tag","embeddable":true,"href":"https:\/\/savokusic.com\/prodaja\/wp-json\/wp\/v2\/product_tag?post=27119"}],"curies":[{"name":"wp","href":"https:\/\/api.w.org\/{rel}","templated":true}]}}