{"id":26166,"date":"2018-02-15T03:53:14","date_gmt":"2018-02-15T03:53:14","guid":{"rendered":"https:\/\/savokusic.com\/prodaja\/?post_type=product&#038;p=26166"},"modified":"2022-08-23T09:05:09","modified_gmt":"2022-08-23T08:05:09","slug":"zeta-stolica-za-sank","status":"publish","type":"product","link":"https:\/\/savokusic.com\/prodaja\/proizvod\/zeta-stolica-za-sank\/","title":{"rendered":"Zeta &#8211; Stolica za \u0161ank"},"content":{"rendered":"<p><span style=\"text-decoration: underline; font-size: medium;\"><strong>Kafe stolica Zeta Specifikacije<\/strong><\/span><\/p>\n<table>\n<tbody>\n<tr>\n<td width=\"301\">\n<p style=\"text-align: center;\"><strong><span style=\"font-size: medium;\">Sedi\u0161te i naslon za sedenje<\/span><\/strong><\/p>\n<\/td>\n<td width=\"301\">\n<ul>\n<li>mekano tapacirano sedi\u0161te<\/li>\n<\/ul>\n<\/td>\n<\/tr>\n<tr>\n<td width=\"301\">\n<p style=\"text-align: center;\"><strong><span style=\"font-size: medium;\">Ram<\/span><\/strong><\/p>\n<\/td>\n<td width=\"301\">\n<ul>\n<li>hromirani metalni okvir<\/li>\n<\/ul>\n<\/td>\n<\/tr>\n<tr>\n<td width=\"301\">\n<p style=\"text-align: center;\"><strong><span style=\"font-size: medium;\">Ostalo<\/span><\/strong><\/p>\n<\/td>\n<td width=\"301\">\n<ul>\n<li>udoban podno\u017eak za noge<\/li>\n<\/ul>\n<\/td>\n<\/tr>\n<tr>\n<td width=\"301\">\n<p style=\"text-align: center;\"><strong>Rok dostave <\/strong><\/p>\n<\/td>\n<td width=\"301\">Rok dostave za boje V-04 i V-18 je 10-15 dana.<\/p>\n<p>Rok dostave za ostale boje je do 25 dana.<\/td>\n<\/tr>\n<\/tbody>\n<\/table>\n<p><span style=\"font-size: medium;\">\u00a0\u00a0<\/span><\/p>\n","protected":false},"excerpt":{"rendered":"<p>Kafe stolica Zeta Specifikacije Sedi\u0161te i naslon za sedenje mekano tapacirano sedi\u0161te Ram hromirani metalni okvir Ostalo udoban podno\u017eak za noge Rok dostave Rok dostave za boje V-04 i V-18 je 10-15 dana. Rok dostave za ostale boje je do 25 dana. \u00a0\u00a0<\/p>\n","protected":false},"featured_media":26209,"comment_status":"open","ping_status":"closed","template":"","meta":[],"product_brand":[],"product_cat":[243,231,238],"product_tag":[],"class_list":{"0":"post-26166","1":"product","2":"type-product","3":"status-publish","4":"has-post-thumbnail","6":"product_cat-cafe-stolice","7":"product_cat-kancelarija","8":"product_cat-stolice-2","9":"pa_basis-hromiran-metal","10":"pa_eko-koza-eco-1","11":"pa_eko-koza-eco-13","12":"pa_eko-koza-eco-21","13":"pa_eko-koza-eco-28","14":"pa_eko-koza-eco-30","15":"pa_eko-koza-eco-31","16":"pa_eko-koza-eco-45","17":"pa_eko-koza-eco-50","18":"pa_eko-koza-eco-7","19":"pa_eko-koza-eco-70","20":"pa_eko-koza-eco-72","21":"pa_eko-koza-eco-90","22":"pa_eko-koza-v01","23":"pa_eko-koza-v02n","24":"pa_eko-koza-v04","25":"pa_eko-koza-v13","26":"pa_eko-koza-v14n","27":"pa_eko-koza-v16n","28":"pa_eko-koza-v17","29":"pa_eko-koza-v18n","30":"pa_eko-koza-v19n","31":"pa_eko-koza-v20","32":"pa_eko-koza-v26","33":"pa_eko-koza-v28","34":"pa_eko-koza-v46","35":"pa_eko-koza-v47","36":"pa_eko-koza-v49","37":"pa_eko-koza-v53n","38":"pa_eko-koza-v62","39":"pa_eko-koza-v79n","40":"pa_eko-koza-v82","41":"pa_eko-koza-v83","42":"pa_eko-koza-v98","43":"pa_materials-eko-koza-v-izdrzljivost-po-martindejl-u-35-000-ciklusa-nezapaljivost-po-standardu-en1021-1","45":"first","46":"instock","47":"purchasable","48":"product-type-variable"},"_links":{"self":[{"href":"https:\/\/savokusic.com\/prodaja\/wp-json\/wp\/v2\/product\/26166","targetHints":{"allow":["GET"]}}],"collection":[{"href":"https:\/\/savokusic.com\/prodaja\/wp-json\/wp\/v2\/product"}],"about":[{"href":"https:\/\/savokusic.com\/prodaja\/wp-json\/wp\/v2\/types\/product"}],"replies":[{"embeddable":true,"href":"https:\/\/savokusic.com\/prodaja\/wp-json\/wp\/v2\/comments?post=26166"}],"wp:featuredmedia":[{"embeddable":true,"href":"https:\/\/savokusic.com\/prodaja\/wp-json\/wp\/v2\/media\/26209"}],"wp:attachment":[{"href":"https:\/\/savokusic.com\/prodaja\/wp-json\/wp\/v2\/media?parent=26166"}],"wp:term":[{"taxonomy":"product_brand","embeddable":true,"href":"https:\/\/savokusic.com\/prodaja\/wp-json\/wp\/v2\/product_brand?post=26166"},{"taxonomy":"product_cat","embeddable":true,"href":"https:\/\/savokusic.com\/prodaja\/wp-json\/wp\/v2\/product_cat?post=26166"},{"taxonomy":"product_tag","embeddable":true,"href":"https:\/\/savokusic.com\/prodaja\/wp-json\/wp\/v2\/product_tag?post=26166"}],"curies":[{"name":"wp","href":"https:\/\/api.w.org\/{rel}","templated":true}]}}