{"id":24141,"date":"2018-02-13T00:20:13","date_gmt":"2018-02-13T00:20:13","guid":{"rendered":"https:\/\/savokusic.com\/prodaja\/?post_type=product&#038;p=24141"},"modified":"2022-08-23T09:04:21","modified_gmt":"2022-08-23T08:04:21","slug":"cafe-vii-arm","status":"publish","type":"product","link":"https:\/\/savokusic.com\/prodaja\/proizvod\/cafe-vii-arm\/","title":{"rendered":"Cafe VII ARM"},"content":{"rendered":"<p><span style=\"text-decoration: underline; font-size: medium;\"><strong>Kafe stolica Cafe VII ARM specifikacije<\/strong><\/span><\/p>\n<table>\n<tbody>\n<tr>\n<td width=\"301\">\n<p style=\"text-align: center;\"><strong><span style=\"font-size: medium;\">Sedi\u0161te i naslon za sedenje<\/span><\/strong><\/p>\n<\/td>\n<td width=\"301\">\n<ul>\n<li>polipropilenska \u0161koljka<\/li>\n<\/ul>\n<\/td>\n<\/tr>\n<tr>\n<td width=\"301\">\n<p style=\"text-align: center;\"><strong><span style=\"font-size: medium;\">Ram<\/span><\/strong><\/p>\n<\/td>\n<td width=\"301\">\n<ul>\n<li>hromirani ili oblo\u017eeni metalnim okvirom<\/li>\n<\/ul>\n<\/td>\n<\/tr>\n<tr>\n<td width=\"301\">\n<p style=\"text-align: center;\"><strong><span style=\"font-size: medium;\">Naslon za ruke<\/span><\/strong><\/p>\n<\/td>\n<td width=\"301\">\n<ul>\n<li>fiksni, drveni nasloni za ruke<\/li>\n<\/ul>\n<\/td>\n<\/tr>\n<tr>\n<td width=\"301\">\n<p style=\"text-align: center;\"><strong><span style=\"font-size: medium;\">Ostalo<\/span><\/strong><\/p>\n<\/td>\n<td width=\"301\">\n<ul>\n<li>linija proizvoda obuhvata i barske stolice<\/li>\n<\/ul>\n<\/td>\n<\/tr>\n<\/tbody>\n<\/table>\n<p><span style=\"font-size: medium;\">\u00a0\u00a0<\/span><\/p>\n","protected":false},"excerpt":{"rendered":"<p>Kafe stolica Cafe VII ARM specifikacije Sedi\u0161te i naslon za sedenje polipropilenska \u0161koljka Ram hromirani ili oblo\u017eeni metalnim okvirom Naslon za ruke fiksni, drveni nasloni za ruke Ostalo linija proizvoda obuhvata i barske stolice \u00a0\u00a0<\/p>\n","protected":false},"featured_media":24166,"comment_status":"open","ping_status":"closed","template":"","meta":[],"product_brand":[],"product_cat":[243,231,238],"product_tag":[],"class_list":{"0":"post-24141","1":"product","2":"type-product","3":"status-publish","4":"has-post-thumbnail","6":"product_cat-cafe-stolice","7":"product_cat-kancelarija","8":"product_cat-stolice-2","9":"pa_basis-hromiran-metal","10":"pa_drvo-2-06y-dark-graphite","11":"pa_drvo-2-07y-black","12":"pa_drvo-2-09-sifron","13":"pa_drvo-2-09s-white","14":"pa_drvo-2-09t-orange","15":"pa_drvo-2-09u-mint","16":"pa_drvo-2-09w-light-blue","17":"pa_drvo-2-09y-pink","18":"pa_drvo-accia-light-nj-2","19":"pa_drvo-alder-1-040-2","20":"pa_drvo-argon-oak-na-2","21":"pa_drvo-beech-1007-on1-007-2","22":"pa_drvo-beech-bright-nb-2","23":"pa_drvo-black-1-043-2","24":"pa_drvo-black-cc-2","25":"pa_drvo-calvados-1-025-2","26":"pa_drvo-cherry-1-042-2","27":"pa_drvo-cognac-1-008-on-1-008-2","28":"pa_drvo-grey-basalt-bz-2","29":"pa_drvo-mahogany-1-016-on-1-016-2","30":"pa_drvo-maple-nh-2","31":"pa_drvo-orange-1-010-on-1-010-2","32":"pa_drvo-ovid-elm-no-2","33":"pa_drvo-palisander-1-023-2","34":"pa_drvo-platinum-mp-2","35":"pa_drvo-slatc-1-06s-2","36":"pa_drvo-slate-ms-2","37":"pa_drvo-tabac-cherry-nt-2","38":"pa_drvo-tiepolo-nut-np-2","39":"pa_drvo-walnut-1-031-on-1-031-2","40":"pa_drvo-wenge-1033-on-1-033-2","41":"pa_drvo-white-bi-2","42":"pa_drvo-white-grey-mb-2","43":"pa_pakovanje-slaganje-jedne-na-drugu-do-8-komada","44":"pa_rukonasloni-fiksni","46":"first","47":"instock","48":"purchasable","49":"product-type-variable"},"_links":{"self":[{"href":"https:\/\/savokusic.com\/prodaja\/wp-json\/wp\/v2\/product\/24141","targetHints":{"allow":["GET"]}}],"collection":[{"href":"https:\/\/savokusic.com\/prodaja\/wp-json\/wp\/v2\/product"}],"about":[{"href":"https:\/\/savokusic.com\/prodaja\/wp-json\/wp\/v2\/types\/product"}],"replies":[{"embeddable":true,"href":"https:\/\/savokusic.com\/prodaja\/wp-json\/wp\/v2\/comments?post=24141"}],"wp:featuredmedia":[{"embeddable":true,"href":"https:\/\/savokusic.com\/prodaja\/wp-json\/wp\/v2\/media\/24166"}],"wp:attachment":[{"href":"https:\/\/savokusic.com\/prodaja\/wp-json\/wp\/v2\/media?parent=24141"}],"wp:term":[{"taxonomy":"product_brand","embeddable":true,"href":"https:\/\/savokusic.com\/prodaja\/wp-json\/wp\/v2\/product_brand?post=24141"},{"taxonomy":"product_cat","embeddable":true,"href":"https:\/\/savokusic.com\/prodaja\/wp-json\/wp\/v2\/product_cat?post=24141"},{"taxonomy":"product_tag","embeddable":true,"href":"https:\/\/savokusic.com\/prodaja\/wp-json\/wp\/v2\/product_tag?post=24141"}],"curies":[{"name":"wp","href":"https:\/\/api.w.org\/{rel}","templated":true}]}}