{"id":2228,"date":"2018-01-21T04:07:28","date_gmt":"2018-01-21T04:07:28","guid":{"rendered":"https:\/\/savokusic.com\/prodaja\/?post_type=product&#038;p=2228"},"modified":"2022-08-23T09:01:42","modified_gmt":"2022-08-23T08:01:42","slug":"sabio-steel","status":"publish","type":"product","link":"https:\/\/savokusic.com\/prodaja\/proizvod\/sabio-steel\/","title":{"rendered":"Sabio steel"},"content":{"rendered":"<p><span style=\"text-decoration: underline;\"><strong><span style=\"font-size: medium;\">Sabio steel menad\u017eerska stolica\u00a0 Specifikacije<\/span><\/strong><\/span><\/p>\n<table>\n<tbody>\n<tr>\n<td width=\"301\">\n<p style=\"text-align: center;\"><strong><span style=\"font-size: medium;\">Sedi\u0161te i naslon za sedenje<\/span><\/strong><\/p>\n<\/td>\n<td width=\"301\">\n<ul>\n<li>\u0161iroko udobno sedi\u0161te<\/li>\n<li>ergonomski profilisani naslon<\/li>\n<li>udoban, visok naslon<\/li>\n<li>naslon na obe strane<\/li>\n<\/ul>\n<\/td>\n<\/tr>\n<tr>\n<td width=\"301\">\n<p style=\"text-align: center;\"><strong><span style=\"font-size: medium;\">Mehanizam<\/span><\/strong><\/p>\n<\/td>\n<td width=\"301\">\n<ul>\n<li>slobodno plivajuc\u0301e sedi\u0161te i naslon<\/li>\n<li>maksimalni ugao nagiba naslona je 16\u02da<\/li>\n<li>moguc\u0301nost zaklju\u010davanja sedi\u0161ta i naslona na 5 pozicija<\/li>\n<li>podesiv nagib naslona<\/li>\n<\/ul>\n<p>Funkcija anti-\u0161oka kontroli\u0161e naslon za le\u0111a kako bi se izbeglo udaranje korisnika nazad.<br \/>\nRavnomerno podesiva visina stolice sa pneumatskim dizanjem<\/td>\n<\/tr>\n<tr>\n<td width=\"301\">\n<p style=\"text-align: center;\"><strong><span style=\"font-size: medium;\">Naslon za ruke<\/span><\/strong><\/p>\n<\/td>\n<td width=\"301\">\n<ul>\n<li>\u010deli\u010dni naslon za ruke sa mekanim podmeta\u010dem<\/li>\n<\/ul>\n<\/td>\n<\/tr>\n<tr>\n<td width=\"301\">\n<p style=\"text-align: center;\"><strong><span style=\"font-size: medium;\">Baza<\/span><\/strong><\/p>\n<\/td>\n<td width=\"301\">\n<ul>\n<li>polirani aluminijum<\/li>\n<\/ul>\n<\/td>\n<\/tr>\n<tr>\n<td width=\"301\">\n<p style=\"text-align: center;\"><strong>Rok dostave<\/strong><\/p>\n<\/td>\n<td width=\"301\">Rok dostave za boju SP01 je 10-15 dana.<\/p>\n<p>Za ostale boje rok dostave je do 25 dana.<\/td>\n<\/tr>\n<\/tbody>\n<\/table>\n<p><span style=\"font-size: medium;\">\u00a0<\/span><\/p>\n","protected":false},"excerpt":{"rendered":"<p>Sabio steel menad\u017eerska stolica\u00a0 Specifikacije Sedi\u0161te i naslon za sedenje \u0161iroko udobno sedi\u0161te ergonomski profilisani naslon udoban, visok naslon naslon na obe strane Mehanizam slobodno plivajuc\u0301e sedi\u0161te i naslon maksimalni ugao nagiba naslona je 16\u02da moguc\u0301nost zaklju\u010davanja sedi\u0161ta i naslona na 5 pozicija podesiv nagib naslona Funkcija anti-\u0161oka kontroli\u0161e naslon za le\u0111a kako bi se [&hellip;]<\/p>\n","protected":false},"featured_media":30873,"comment_status":"open","ping_status":"closed","template":"","meta":[],"product_brand":[],"product_cat":[231,241,238],"product_tag":[],"class_list":{"0":"post-2228","1":"product","2":"type-product","3":"status-publish","4":"has-post-thumbnail","6":"product_cat-kancelarija","7":"product_cat-menadzerske-stolice","8":"product_cat-stolice-2","9":"pa_back-eko-koza","10":"pa_basis-poliran-aluminijum","11":"pa_materials-prirodna-koza-sp-debljina-1-1-1-3-mm","12":"pa_mehanizam-tilt","13":"pa_prirodna-koza-le01","14":"pa_prirodna-koza-le06","15":"pa_prirodna-koza-le13","16":"pa_prirodna-koza-le14","17":"pa_prirodna-koza-q1","18":"pa_prirodna-koza-q10","19":"pa_prirodna-koza-q12","20":"pa_prirodna-koza-q14","21":"pa_prirodna-koza-q2","22":"pa_prirodna-koza-q7","23":"pa_prirodna-koza-q9","24":"pa_prirodna-koza-sd-01","25":"pa_prirodna-koza-sd-03","26":"pa_prirodna-koza-sd-04","27":"pa_prirodna-koza-sd-06","28":"pa_prirodna-koza-sd-07","29":"pa_prirodna-koza-sd-08","30":"pa_prirodna-koza-sd-09","31":"pa_prirodna-koza-sd-15","32":"pa_prirodna-koza-sd-16","33":"pa_prirodna-koza-sp-01","34":"pa_prirodna-koza-sp-02","35":"pa_prirodna-koza-sp-03","36":"pa_prirodna-koza-sp-06","37":"pa_prirodna-koza-sp-07","38":"pa_prirodna-koza-sp-11","39":"pa_prirodna-koza-sp-12","40":"pa_rukonasloni-fiksni","42":"first","43":"instock","44":"purchasable","45":"product-type-variable"},"_links":{"self":[{"href":"https:\/\/savokusic.com\/prodaja\/wp-json\/wp\/v2\/product\/2228","targetHints":{"allow":["GET"]}}],"collection":[{"href":"https:\/\/savokusic.com\/prodaja\/wp-json\/wp\/v2\/product"}],"about":[{"href":"https:\/\/savokusic.com\/prodaja\/wp-json\/wp\/v2\/types\/product"}],"replies":[{"embeddable":true,"href":"https:\/\/savokusic.com\/prodaja\/wp-json\/wp\/v2\/comments?post=2228"}],"wp:featuredmedia":[{"embeddable":true,"href":"https:\/\/savokusic.com\/prodaja\/wp-json\/wp\/v2\/media\/30873"}],"wp:attachment":[{"href":"https:\/\/savokusic.com\/prodaja\/wp-json\/wp\/v2\/media?parent=2228"}],"wp:term":[{"taxonomy":"product_brand","embeddable":true,"href":"https:\/\/savokusic.com\/prodaja\/wp-json\/wp\/v2\/product_brand?post=2228"},{"taxonomy":"product_cat","embeddable":true,"href":"https:\/\/savokusic.com\/prodaja\/wp-json\/wp\/v2\/product_cat?post=2228"},{"taxonomy":"product_tag","embeddable":true,"href":"https:\/\/savokusic.com\/prodaja\/wp-json\/wp\/v2\/product_tag?post=2228"}],"curies":[{"name":"wp","href":"https:\/\/api.w.org\/{rel}","templated":true}]}}