{"id":1955,"date":"2018-01-21T02:34:53","date_gmt":"2018-01-21T02:34:53","guid":{"rendered":"https:\/\/savokusic.com\/prodaja\/?post_type=product&#038;p=1955"},"modified":"2022-08-23T09:01:36","modified_gmt":"2022-08-23T08:01:36","slug":"allegro-steel-za-posetioce","status":"publish","type":"product","link":"https:\/\/savokusic.com\/prodaja\/proizvod\/allegro-steel-za-posetioce\/","title":{"rendered":"Allegro steel &#8211; za posetioce"},"content":{"rendered":"<p><span style=\"text-decoration: underline; font-size: medium;\"><strong>Konferencijska stolica Allegro Steel specifikacije<\/strong><\/span><\/p>\n<table>\n<tbody>\n<tr>\n<td width=\"312\">\n<p style=\"text-align: center;\"><strong><span style=\"font-size: medium;\">Sedi\u0161te i le\u0111a<\/span><\/strong><\/p>\n<\/td>\n<td width=\"312\">\n<ul>\n<li>Meko tapacirano sedi\u0161te i le\u0111a<\/li>\n<\/ul>\n<\/td>\n<\/tr>\n<tr>\n<td width=\"312\">\n<p style=\"text-align: center;\"><strong><span style=\"font-size: medium;\">Nasloni za ruke\u00a0<\/span><\/strong><\/p>\n<\/td>\n<td width=\"312\">\n<ul>\n<li>Metalni nasloni za ruke sa mekanim tapaciranim oblogama<\/li>\n<\/ul>\n<\/td>\n<\/tr>\n<tr>\n<td width=\"312\">\n<p style=\"text-align: center;\"><strong><span style=\"font-size: medium;\">Rama<\/span><\/strong><\/p>\n<\/td>\n<td width=\"312\">\n<ul>\n<li>Metal hromirano<\/li>\n<\/ul>\n<\/td>\n<\/tr>\n<tr>\n<td width=\"312\">\n<p style=\"text-align: center;\"><strong><span style=\"font-size: medium;\">Drugi kvaliteti i opcije<\/span><\/strong><\/p>\n<\/td>\n<td width=\"312\">\n<ul>\n<li>Na neoperabilnim povr\u0161inama dozvoljeno je koristiti umjetnu ko\u017eu<\/li>\n<\/ul>\n<\/td>\n<\/tr>\n<\/tbody>\n<\/table>\n<p><span style=\"font-size: medium;\">\u00a0<\/span><\/p>\n","protected":false},"excerpt":{"rendered":"<p>Konferencijska stolica Allegro Steel specifikacije Sedi\u0161te i le\u0111a Meko tapacirano sedi\u0161te i le\u0111a Nasloni za ruke\u00a0 Metalni nasloni za ruke sa mekanim tapaciranim oblogama Rama Metal hromirano Drugi kvaliteti i opcije Na neoperabilnim povr\u0161inama dozvoljeno je koristiti umjetnu ko\u017eu \u00a0<\/p>\n","protected":false},"featured_media":30599,"comment_status":"open","ping_status":"closed","template":"","meta":[],"product_brand":[],"product_cat":[231,246,238],"product_tag":[],"class_list":{"0":"post-1955","1":"product","2":"type-product","3":"status-publish","4":"has-post-thumbnail","6":"product_cat-kancelarija","7":"product_cat-konferencijske-stolice","8":"product_cat-stolice-2","9":"pa_back-eko-koza","10":"pa_basis-poliran-aluminijum","11":"pa_materials-prirodna-koza-le-0-9-1-1-mm","12":"pa_prirodna-koza-le01","13":"pa_prirodna-koza-le06","14":"pa_prirodna-koza-le13","15":"pa_prirodna-koza-le14","16":"pa_prirodna-koza-q1","17":"pa_prirodna-koza-q10","18":"pa_prirodna-koza-q12","19":"pa_prirodna-koza-q14","20":"pa_prirodna-koza-q2","21":"pa_prirodna-koza-q7","22":"pa_prirodna-koza-q9","23":"pa_prirodna-koza-sd-01","24":"pa_prirodna-koza-sd-03","25":"pa_prirodna-koza-sd-04","26":"pa_prirodna-koza-sd-06","27":"pa_prirodna-koza-sd-07","28":"pa_prirodna-koza-sd-08","29":"pa_prirodna-koza-sd-09","30":"pa_prirodna-koza-sd-15","31":"pa_prirodna-koza-sd-16","32":"pa_prirodna-koza-sp-01","33":"pa_prirodna-koza-sp-02","34":"pa_prirodna-koza-sp-03","35":"pa_prirodna-koza-sp-06","36":"pa_prirodna-koza-sp-07","37":"pa_prirodna-koza-sp-11","38":"pa_prirodna-koza-sp-12","39":"pa_rukonasloni-fiksni","41":"first","42":"instock","43":"purchasable","44":"product-type-variable"},"_links":{"self":[{"href":"https:\/\/savokusic.com\/prodaja\/wp-json\/wp\/v2\/product\/1955","targetHints":{"allow":["GET"]}}],"collection":[{"href":"https:\/\/savokusic.com\/prodaja\/wp-json\/wp\/v2\/product"}],"about":[{"href":"https:\/\/savokusic.com\/prodaja\/wp-json\/wp\/v2\/types\/product"}],"replies":[{"embeddable":true,"href":"https:\/\/savokusic.com\/prodaja\/wp-json\/wp\/v2\/comments?post=1955"}],"wp:featuredmedia":[{"embeddable":true,"href":"https:\/\/savokusic.com\/prodaja\/wp-json\/wp\/v2\/media\/30599"}],"wp:attachment":[{"href":"https:\/\/savokusic.com\/prodaja\/wp-json\/wp\/v2\/media?parent=1955"}],"wp:term":[{"taxonomy":"product_brand","embeddable":true,"href":"https:\/\/savokusic.com\/prodaja\/wp-json\/wp\/v2\/product_brand?post=1955"},{"taxonomy":"product_cat","embeddable":true,"href":"https:\/\/savokusic.com\/prodaja\/wp-json\/wp\/v2\/product_cat?post=1955"},{"taxonomy":"product_tag","embeddable":true,"href":"https:\/\/savokusic.com\/prodaja\/wp-json\/wp\/v2\/product_tag?post=1955"}],"curies":[{"name":"wp","href":"https:\/\/api.w.org\/{rel}","templated":true}]}}