{"id":1851,"date":"2018-01-21T02:08:28","date_gmt":"2018-01-21T02:08:28","guid":{"rendered":"https:\/\/savokusic.com\/prodaja\/?post_type=product&#038;p=1851"},"modified":"2026-05-05T01:31:56","modified_gmt":"2026-05-05T00:31:56","slug":"4me-hrua","status":"publish","type":"product","link":"https:\/\/savokusic.com\/prodaja\/proizvod\/4me-hrua\/","title":{"rendered":"4ME HRUA"},"content":{"rendered":"<p><span style=\"text-decoration: underline; font-size: medium;\"><strong>4ME HRUA radna stolica specifikacije<\/strong><\/span><\/p>\n<table>\n<tbody>\n<tr>\n<td width=\"312\">\n<p style=\"text-align: center;\"><strong><span style=\"font-size: medium;\">Baza<\/span><\/strong><\/p>\n<\/td>\n<td width=\"312\">\n<ul>\n<li>Poliamidna petosnovna baza u crnoj ili bijeloj, sjajnoj aluminijumskoj petoznoj bazi (hromovoj verziji) i aluminijumskom aluminijumskom premazom (aluminijumska verzija).<\/li>\n<\/ul>\n<\/td>\n<\/tr>\n<tr>\n<td width=\"312\">\n<p style=\"text-align: center;\"><strong><span style=\"font-size: medium;\">Mehanizam<\/span><\/strong><\/p>\n<\/td>\n<td width=\"312\">\n<ul>\n<li>SELF mehanizam sa S-MOVE sistemom (SMV)<\/li>\n<\/ul>\n<\/td>\n<\/tr>\n<tr>\n<td width=\"312\">\n<p style=\"text-align: center;\"><strong><span style=\"font-size: medium;\">Funkcije<\/span><\/strong><\/p>\n<\/td>\n<td width=\"312\">\n<ul>\n<li>automatsko prilago\u0111avanje korisni\u010dke te\u017eine (od 50 kg do 110 kg),<\/li>\n<li>ugao nagiba naslona: 18 \u00b0,<\/li>\n<li>ugao nagiba sedi\u0161ta: 4.5 \u00b0,<\/li>\n<li>ugao nagiba zaklju\u010dan u 5 polo\u017eaja,<\/li>\n<li>odnos naslona sedi\u0161ta i naslona sedi\u0161ta: 1: 4,<\/li>\n<li>Anti-Shock &#8211; funkcija kontroli\u0161e naslon za le\u0111a kako bi izbegao udaranje korisnika nazad nakon \u0161to je poluga za pokretanje oslobodjena,<\/li>\n<\/ul>\n<\/td>\n<\/tr>\n<tr>\n<td width=\"312\">\n<p style=\"text-align: center;\"><strong><span style=\"font-size: medium;\">Funkcije<\/span><\/strong><\/p>\n<\/td>\n<td width=\"312\">\n<ul>\n<li>slobodno plivajuc\u0301e sedi\u0161te i naslon,<\/li>\n<li>dinami\u010dan naslon za sedenje i sinhro sedenje naginjanjem brzinom 2: 1,<\/li>\n<li>ugao naslona od 22 \u00b0 sinhronizovan sa sedi\u0161tem 11 \u00b0,<\/li>\n<li>moguc\u0301nost zaklju\u010davanja naslona u 5 polo\u017eaja,<\/li>\n<li>glatko podesiva visina stolice (sa pneumatskim liftom),<\/li>\n<li>podesiva sila nagiba naslona (za ru\u010dice),<\/li>\n<li>pode\u0161avanje dubine sedi\u0161ta &#8211; 6 cm (opciono),<\/li>\n<li>negativan nagib sedi\u0161ta 2 \u00b0 (opciono),<\/li>\n<li>Anti-Shock &#8211; funkcija kontroli\u0161e naslon za le\u0111a kako bi se izbeglo udaranje korisnika nazad nakon \u0161to je poluga za pokretanje oslobodjena.<\/li>\n<\/ul>\n<\/td>\n<\/tr>\n<tr>\n<td width=\"312\">\n<p style=\"text-align: center;\"><strong><span style=\"font-size: medium;\">Naslon za ruke<\/span><\/strong><\/p>\n<\/td>\n<td width=\"312\">\n<ul>\n<li>4-D, 2-D podesiva ili fiksna.<\/li>\n<li>Fiksni nasloni za ruke napravljeni od PA + GF, podloge od TPE.<\/li>\n<li>2-D i 4-D podesivi nasloni za ruke &#8211; trup izra\u0111en od PA + GF, ograda izra\u0111ena od PP + TC (polipropilen + talk), podloga napravljena od TPE.<\/li>\n<li>2-D (crna) ili 2-D (alu obojena \/ bela) sa mekim crnim TPE armpadima. Opseg pode\u0161avanja: visina 100 mm, pode\u0161avanje \u0161irine 40 mm.<\/li>\n<li>4-D (crna) ili 4-D (alu obojena \/ bela) sa mekim crnim TPE armpadima. Opseg pode\u0161avanja: visina 100 mm, pode\u0161avanje \u0161irine 40 mm, rotacija padova \u00b1 30 \u00b0, pode\u0161avanje blende prednje strane: 50 mm.<\/li>\n<li>Fiksni nasloni za ruke: crni nasloni za ruke sa mekanim crnim TPE armpadima ili bijelim naslonima za ruke sa mekanim crnim TPE armpadim<\/li>\n<\/ul>\n<\/td>\n<\/tr>\n<\/tbody>\n<\/table>\n","protected":false},"excerpt":{"rendered":"<p>4ME vhiteHRUA je visokokvalitetna radna stolica od proverenog evropskog proizvo\u0111a\u010da.<\/p>\n<p>Baza od poliamida, sinhronizovani SFB1 mehanizam, podesivi nasloni za ruke, bela verzija sa podesivim i tapaciranim naslonom za glavu HRUA. Ovaj proizvod se proizvodi u ve\u0161ta\u010dkom krznu Bondai, Era, Erika, Lucia, Semper, Semper Melange i Kaiman.<\/p>\n","protected":false},"featured_media":1900,"comment_status":"open","ping_status":"closed","template":"","meta":[],"product_brand":[],"product_cat":[231,242,238],"product_tag":[],"class_list":{"0":"post-1851","1":"product","2":"type-product","3":"status-publish","4":"has-post-thumbnail","6":"product_cat-kancelarija","7":"product_cat-radne-stolice","8":"product_cat-stolice-2","9":"pa_basis-poliamid","10":"pa_boja-kostrukcije-black-3","11":"pa_boja-kostrukcije-grey","12":"pa_boja-kostrukcije-metal-black","13":"pa_boja-kostrukcije-metal-chromium","14":"pa_boja-kostrukcije-white-3","15":"pa_materials-platno-yb-izdrzljivost-po-martindejl-u-50-000-ciklusa-nezapaljivost-po-standardu-n1021-1","16":"pa_mehanizam-sinhron-sfb1","17":"pa_platno-bn1005","18":"pa_platno-bn1008","19":"pa_platno-bn2036","20":"pa_platno-bn3012","21":"pa_platno-bn4011","22":"pa_platno-bn5004","23":"pa_platno-bn6016","24":"pa_platno-bn7048","25":"pa_platno-bn8010","26":"pa_platno-bn8033","27":"pa_platno-bn8078","28":"pa_platno-c11-canvas","29":"pa_platno-c12-canvas","30":"pa_platno-c14-canvas","31":"pa_platno-c2-canvas","32":"pa_platno-c24-canvas","33":"pa_platno-c26-canvas","34":"pa_platno-c29-canvas","35":"pa_platno-c32-canvas","36":"pa_platno-c34-canvas","37":"pa_platno-c38-canvas","38":"pa_platno-c4-canvas","39":"pa_platno-c47-canvas","40":"pa_platno-c6-canvas","41":"pa_platno-c7-canvas","42":"pa_platno-c73-canvas","43":"pa_platno-cn-200","44":"pa_platno-cn-204","45":"pa_platno-cn-206","46":"pa_platno-cn-210","47":"pa_platno-cn-76","48":"pa_platno-cn-79","49":"pa_platno-cn-9","50":"pa_platno-cn-97","51":"pa_platno-m04-canvas","52":"pa_platno-m07-canvas","53":"pa_platno-m12-canvas","54":"pa_platno-m15-canvas","55":"pa_platno-m25-canvas","56":"pa_platno-m28-canvas","57":"pa_platno-m31-canvas","58":"pa_platno-m38-canvas","59":"pa_platno-m43-canvas","60":"pa_platno-m47-canvas","61":"pa_platno-m54-canvas","62":"pa_platno-m56-canvas","63":"pa_platno-m62-canvas","64":"pa_platno-m81-canvas","65":"pa_platno-sm-01","66":"pa_platno-sm-02","67":"pa_platno-sm-03","68":"pa_platno-sm-04","69":"pa_platno-sm-05","70":"pa_platno-sm-06","71":"pa_platno-sm-07","72":"pa_platno-sm-08","73":"pa_platno-sm-09","74":"pa_platno-sm-10","75":"pa_platno-sm-11","76":"pa_platno-sm-12","77":"pa_platno-wk-008","78":"pa_platno-wk-012","79":"pa_platno-wk-018","80":"pa_platno-wk-021","81":"pa_platno-xr005","82":"pa_platno-xr009","83":"pa_platno-xr026","84":"pa_platno-xr069","85":"pa_platno-xr072","86":"pa_platno-xr073","87":"pa_platno-xr076","88":"pa_platno-xr079","89":"pa_platno-xr081","90":"pa_platno-xr091","91":"pa_platno-xr101","92":"pa_platno-xr108","93":"pa_platno-xr159","94":"pa_platno-xr160","95":"pa_platno-yb-009","96":"pa_platno-yb-026","97":"pa_platno-yb-046","98":"pa_platno-yb-090","99":"pa_platno-yb-093","100":"pa_platno-yb-094","101":"pa_platno-yb-097","102":"pa_platno-yb-102","103":"pa_platno-yb-105","104":"pa_platno-yb-130","105":"pa_platno-yb-156","106":"pa_platno-yb200","107":"pa_platno-zt-11","108":"pa_platno-zt-13","109":"pa_platno-zt-15","110":"pa_platno-zt-18","111":"pa_platno-zt-2","112":"pa_platno-zt-22","113":"pa_platno-zt-23","114":"pa_platno-zt-24","115":"pa_platno-zt-25","116":"pa_platno-zt-5","117":"pa_platno-zt-7","118":"pa_rukonasloni-fiksni","120":"first","121":"instock","122":"purchasable","123":"product-type-variable"},"_links":{"self":[{"href":"https:\/\/savokusic.com\/prodaja\/wp-json\/wp\/v2\/product\/1851","targetHints":{"allow":["GET"]}}],"collection":[{"href":"https:\/\/savokusic.com\/prodaja\/wp-json\/wp\/v2\/product"}],"about":[{"href":"https:\/\/savokusic.com\/prodaja\/wp-json\/wp\/v2\/types\/product"}],"replies":[{"embeddable":true,"href":"https:\/\/savokusic.com\/prodaja\/wp-json\/wp\/v2\/comments?post=1851"}],"wp:featuredmedia":[{"embeddable":true,"href":"https:\/\/savokusic.com\/prodaja\/wp-json\/wp\/v2\/media\/1900"}],"wp:attachment":[{"href":"https:\/\/savokusic.com\/prodaja\/wp-json\/wp\/v2\/media?parent=1851"}],"wp:term":[{"taxonomy":"product_brand","embeddable":true,"href":"https:\/\/savokusic.com\/prodaja\/wp-json\/wp\/v2\/product_brand?post=1851"},{"taxonomy":"product_cat","embeddable":true,"href":"https:\/\/savokusic.com\/prodaja\/wp-json\/wp\/v2\/product_cat?post=1851"},{"taxonomy":"product_tag","embeddable":true,"href":"https:\/\/savokusic.com\/prodaja\/wp-json\/wp\/v2\/product_tag?post=1851"}],"curies":[{"name":"wp","href":"https:\/\/api.w.org\/{rel}","templated":true}]}}