{"id":1814,"date":"2018-01-21T02:01:19","date_gmt":"2018-01-21T02:01:19","guid":{"rendered":"https:\/\/savokusic.com\/prodaja\/?post_type=product&#038;p=1814"},"modified":"2022-08-23T09:01:35","modified_gmt":"2022-08-23T08:01:35","slug":"allegro-steel-menadzerska","status":"publish","type":"product","link":"https:\/\/savokusic.com\/prodaja\/proizvod\/allegro-steel-menadzerska\/","title":{"rendered":"Allegro steel &#8211; menad\u017eerska"},"content":{"rendered":"<p><span style=\"font-size: medium;\"><strong><span style=\"text-decoration: underline;\">Stolica za kancelariju Allegro steel specifikacije<\/span><\/strong><\/span><\/p>\n<p>&nbsp;<\/p>\n<table>\n<tbody>\n<tr>\n<td width=\"312\">\n<p style=\"text-align: center;\"><strong><span style=\"font-size: medium;\">Sedi\u0161te i le\u0111a<\/span><\/strong><\/p>\n<\/td>\n<td width=\"312\">\n<ul>\n<li>Meko tapacirano sedi\u0161te i le\u0111a.<\/li>\n<\/ul>\n<\/td>\n<\/tr>\n<tr>\n<td width=\"312\">\n<p style=\"text-align: center;\"><strong><span style=\"font-size: medium;\">Naslon za ruke<\/span><\/strong><\/p>\n<\/td>\n<td width=\"312\">\n<ul>\n<li>Metalni naslon za ruke sa mekanim tapaciranim oblogama<\/li>\n<\/ul>\n<\/td>\n<\/tr>\n<tr>\n<td width=\"312\">\n<p style=\"text-align: center;\"><strong><span style=\"font-size: medium;\">Mehanizam<\/span><\/strong><\/p>\n<\/td>\n<td width=\"312\">\n<ul>\n<li>Pru\u017ea besplatne ljulja\u0161ke.<\/li>\n<li>Moguc\u0301nost zaklju\u010davanja sedi\u0161ta i nazad u 4 polo\u017eaja.<\/li>\n<li>Podesiva sila odstupanja.<\/li>\n<li>Antishoot-efekt \u0161titi korisnika od iznenadnog &#8222;naginjanja&#8220; ili odbijanja naslona za ruku dok otklju\u010dava mehanizam.<\/li>\n<\/ul>\n<\/td>\n<\/tr>\n<tr>\n<td width=\"312\">\n<p style=\"text-align: center;\"><strong><span style=\"font-size: medium;\">Baza<\/span><\/strong><\/p>\n<\/td>\n<td width=\"312\">\n<ul>\n<li>Polirani aluminijum.<\/li>\n<\/ul>\n<\/td>\n<\/tr>\n<tr>\n<td width=\"312\">\n<p style=\"text-align: center;\"><strong><span style=\"font-size: medium;\">Roleri<\/span><\/strong><\/p>\n<\/td>\n<td width=\"312\">\n<ul>\n<li>Nude se dve vrste valjaka: za tvrde povr\u0161ine i tepihe<\/li>\n<\/ul>\n<\/td>\n<\/tr>\n<tr>\n<td width=\"312\">\n<p style=\"text-align: center;\"><strong><span style=\"font-size: medium;\">Drugi kvaliteti i opcije<\/span><\/strong><\/p>\n<\/td>\n<td width=\"312\">\n<ul>\n<li>podesiva visina sedi\u0161ta.<\/li>\n<li>na neoperabilnim povr\u0161inama dozvoljeno je koristiti umjetnu ko\u017eu.<\/li>\n<\/ul>\n<\/td>\n<\/tr>\n<\/tbody>\n<\/table>\n","protected":false},"excerpt":{"rendered":"<p>Stolica za kancelariju Allegro steel specifikacije &nbsp; Sedi\u0161te i le\u0111a Meko tapacirano sedi\u0161te i le\u0111a. Naslon za ruke Metalni naslon za ruke sa mekanim tapaciranim oblogama Mehanizam Pru\u017ea besplatne ljulja\u0161ke. Moguc\u0301nost zaklju\u010davanja sedi\u0161ta i nazad u 4 polo\u017eaja. Podesiva sila odstupanja. Antishoot-efekt \u0161titi korisnika od iznenadnog &#8222;naginjanja&#8220; ili odbijanja naslona za ruku dok otklju\u010dava mehanizam. [&hellip;]<\/p>\n","protected":false},"featured_media":1823,"comment_status":"open","ping_status":"closed","template":"","meta":[],"product_brand":[],"product_cat":[231,241,238],"product_tag":[],"class_list":{"0":"post-1814","1":"product","2":"type-product","3":"status-publish","4":"has-post-thumbnail","6":"product_cat-kancelarija","7":"product_cat-menadzerske-stolice","8":"product_cat-stolice-2","9":"pa_back-eko-koza","10":"pa_basis-poliran-aluminijum","11":"pa_materials-prirodna-koza-le-0-9-1-1-mm","12":"pa_mehanizam-multiblock","13":"pa_prirodna-koza-le01","14":"pa_prirodna-koza-le06","15":"pa_prirodna-koza-le13","16":"pa_prirodna-koza-le14","17":"pa_prirodna-koza-q1","18":"pa_prirodna-koza-q10","19":"pa_prirodna-koza-q12","20":"pa_prirodna-koza-q14","21":"pa_prirodna-koza-q2","22":"pa_prirodna-koza-q7","23":"pa_prirodna-koza-q9","24":"pa_prirodna-koza-sd-01","25":"pa_prirodna-koza-sd-03","26":"pa_prirodna-koza-sd-04","27":"pa_prirodna-koza-sd-06","28":"pa_prirodna-koza-sd-07","29":"pa_prirodna-koza-sd-08","30":"pa_prirodna-koza-sd-09","31":"pa_prirodna-koza-sd-15","32":"pa_prirodna-koza-sd-16","33":"pa_prirodna-koza-sp-01","34":"pa_prirodna-koza-sp-02","35":"pa_prirodna-koza-sp-03","36":"pa_prirodna-koza-sp-06","37":"pa_prirodna-koza-sp-07","38":"pa_prirodna-koza-sp-11","39":"pa_prirodna-koza-sp-12","40":"pa_rukonasloni-fiksni","42":"first","43":"instock","44":"purchasable","45":"product-type-variable"},"_links":{"self":[{"href":"https:\/\/savokusic.com\/prodaja\/wp-json\/wp\/v2\/product\/1814","targetHints":{"allow":["GET"]}}],"collection":[{"href":"https:\/\/savokusic.com\/prodaja\/wp-json\/wp\/v2\/product"}],"about":[{"href":"https:\/\/savokusic.com\/prodaja\/wp-json\/wp\/v2\/types\/product"}],"replies":[{"embeddable":true,"href":"https:\/\/savokusic.com\/prodaja\/wp-json\/wp\/v2\/comments?post=1814"}],"wp:featuredmedia":[{"embeddable":true,"href":"https:\/\/savokusic.com\/prodaja\/wp-json\/wp\/v2\/media\/1823"}],"wp:attachment":[{"href":"https:\/\/savokusic.com\/prodaja\/wp-json\/wp\/v2\/media?parent=1814"}],"wp:term":[{"taxonomy":"product_brand","embeddable":true,"href":"https:\/\/savokusic.com\/prodaja\/wp-json\/wp\/v2\/product_brand?post=1814"},{"taxonomy":"product_cat","embeddable":true,"href":"https:\/\/savokusic.com\/prodaja\/wp-json\/wp\/v2\/product_cat?post=1814"},{"taxonomy":"product_tag","embeddable":true,"href":"https:\/\/savokusic.com\/prodaja\/wp-json\/wp\/v2\/product_tag?post=1814"}],"curies":[{"name":"wp","href":"https:\/\/api.w.org\/{rel}","templated":true}]}}