{"id":1744,"date":"2018-01-20T04:11:13","date_gmt":"2018-01-20T04:11:13","guid":{"rendered":"https:\/\/savokusic.com\/prodaja\/?post_type=product&#038;p=1744"},"modified":"2022-08-23T09:01:33","modified_gmt":"2022-08-23T08:01:33","slug":"invitus-st-36pol-r17m-es","status":"publish","type":"product","link":"https:\/\/savokusic.com\/prodaja\/proizvod\/invitus-st-36pol-r17m-es\/","title":{"rendered":"Invitus ST 36POL R17M ES"},"content":{"rendered":"<p><span style=\"text-decoration: underline; font-size: medium;\"><strong>Stolica za kancelariju Invitus Specifikacije <\/strong><\/span><\/p>\n<table>\n<tbody>\n<tr>\n<td width=\"301\">\n<p style=\"text-align: center;\"><strong><span style=\"font-size: medium;\">Sedi\u0161te i naslon za sedenje<\/span><\/strong><\/p>\n<\/td>\n<td width=\"301\">\n<ul>\n<li>\u0161iroko udobno sedi\u0161te i ergonomski profilisani naslon sa integrisanim naslonima za glavu<\/li>\n<li>udoban, visok naslon<\/li>\n<li>naslon na zadnjoj strani na obe strane<\/li>\n<\/ul>\n<\/td>\n<\/tr>\n<tr>\n<td width=\"301\">\n<p style=\"text-align: center;\"><strong>Mehanizam<\/strong><\/p>\n<\/td>\n<td width=\"301\">\n<ul>\n<li>slobodno plivajuc\u0301e sedi\u0161te i naslon<\/li>\n<li>naslon i sinhro nagib sjedala po stopi 2: 1<\/li>\n<li>maksimalni ugao nagiba naslona 20\u02da pri nagibu sedi\u0161ta od 11\u02da<\/li>\n<li>moguc\u0301nost zaklju\u010davanja sedi\u0161ta i naslona na 5 pozicija<\/li>\n<li>podesiva sila nagiba naslona<\/li>\n<li>Anti-shock &#8211; funkcija kontroli\u0161e naslon za le\u0111a kako bi se izbeglo udaranje korisnika nazad<\/li>\n<li>ravnomerno podesiva visina stolice sa pneumatskim podizanjem<\/li>\n<\/ul>\n<\/td>\n<\/tr>\n<tr>\n<td width=\"301\">\n<p style=\"text-align: center;\"><strong><span style=\"font-size: medium;\">Nasloni za ruke<\/span><\/strong><\/p>\n<\/td>\n<td width=\"301\">\n<ul>\n<li>nasloni za ruke podesivi po 3 dimenzije<\/li>\n<\/ul>\n<\/td>\n<\/tr>\n<tr>\n<td width=\"301\">\n<p style=\"text-align: center;\"><strong><span style=\"font-size: medium;\">Baza<\/span><\/strong><\/p>\n<\/td>\n<td width=\"301\">\n<ul>\n<li>kombinacija poliranog i obojenog u bijelom aluminijumu<\/li>\n<\/ul>\n<\/td>\n<\/tr>\n<\/tbody>\n<\/table>\n<p><span style=\"font-size: medium;\">\u00a0<\/span><\/p>\n","protected":false},"excerpt":{"rendered":"<p>Stolica za kancelariju Invitus Specifikacije Sedi\u0161te i naslon za sedenje \u0161iroko udobno sedi\u0161te i ergonomski profilisani naslon sa integrisanim naslonima za glavu udoban, visok naslon naslon na zadnjoj strani na obe strane Mehanizam slobodno plivajuc\u0301e sedi\u0161te i naslon naslon i sinhro nagib sjedala po stopi 2: 1 maksimalni ugao nagiba naslona 20\u02da pri nagibu sedi\u0161ta [&hellip;]<\/p>\n","protected":false},"featured_media":1759,"comment_status":"open","ping_status":"closed","template":"","meta":[],"product_brand":[],"product_cat":[231,241,238],"product_tag":[],"class_list":{"0":"post-1744","1":"product","2":"type-product","3":"status-publish","4":"has-post-thumbnail","6":"product_cat-kancelarija","7":"product_cat-menadzerske-stolice","8":"product_cat-stolice-2","9":"pa_back-eko-koza","10":"pa_basis-poliran-aluminijum","11":"pa_glavonasloni-integrisani","12":"pa_materials-prirodna-koza-sp-debljina-1-1-1-3-mm","13":"pa_mehanizam-sinhron-es","14":"pa_prirodna-koza-le01","15":"pa_prirodna-koza-le06","16":"pa_prirodna-koza-le13","17":"pa_prirodna-koza-le14","18":"pa_prirodna-koza-q1","19":"pa_prirodna-koza-q10","20":"pa_prirodna-koza-q12","21":"pa_prirodna-koza-q14","22":"pa_prirodna-koza-q2","23":"pa_prirodna-koza-q7","24":"pa_prirodna-koza-q9","25":"pa_prirodna-koza-sd-01","26":"pa_prirodna-koza-sd-03","27":"pa_prirodna-koza-sd-04","28":"pa_prirodna-koza-sd-06","29":"pa_prirodna-koza-sd-07","30":"pa_prirodna-koza-sd-08","31":"pa_prirodna-koza-sd-09","32":"pa_prirodna-koza-sd-15","33":"pa_prirodna-koza-sd-16","34":"pa_prirodna-koza-sp-01","35":"pa_prirodna-koza-sp-02","36":"pa_prirodna-koza-sp-03","37":"pa_prirodna-koza-sp-06","38":"pa_prirodna-koza-sp-07","39":"pa_prirodna-koza-sp-11","40":"pa_prirodna-koza-sp-12","41":"pa_rukonasloni-podesivi","43":"first","44":"instock","45":"purchasable","46":"product-type-variable"},"_links":{"self":[{"href":"https:\/\/savokusic.com\/prodaja\/wp-json\/wp\/v2\/product\/1744","targetHints":{"allow":["GET"]}}],"collection":[{"href":"https:\/\/savokusic.com\/prodaja\/wp-json\/wp\/v2\/product"}],"about":[{"href":"https:\/\/savokusic.com\/prodaja\/wp-json\/wp\/v2\/types\/product"}],"replies":[{"embeddable":true,"href":"https:\/\/savokusic.com\/prodaja\/wp-json\/wp\/v2\/comments?post=1744"}],"wp:featuredmedia":[{"embeddable":true,"href":"https:\/\/savokusic.com\/prodaja\/wp-json\/wp\/v2\/media\/1759"}],"wp:attachment":[{"href":"https:\/\/savokusic.com\/prodaja\/wp-json\/wp\/v2\/media?parent=1744"}],"wp:term":[{"taxonomy":"product_brand","embeddable":true,"href":"https:\/\/savokusic.com\/prodaja\/wp-json\/wp\/v2\/product_brand?post=1744"},{"taxonomy":"product_cat","embeddable":true,"href":"https:\/\/savokusic.com\/prodaja\/wp-json\/wp\/v2\/product_cat?post=1744"},{"taxonomy":"product_tag","embeddable":true,"href":"https:\/\/savokusic.com\/prodaja\/wp-json\/wp\/v2\/product_tag?post=1744"}],"curies":[{"name":"wp","href":"https:\/\/api.w.org\/{rel}","templated":true}]}}