{"id":1715,"date":"2018-01-20T03:56:10","date_gmt":"2018-01-20T03:56:10","guid":{"rendered":"https:\/\/savokusic.com\/prodaja\/?post_type=product&#038;p=1715"},"modified":"2022-08-23T09:01:31","modified_gmt":"2022-08-23T08:01:31","slug":"chester-lb-cfp-za-posetioce","status":"publish","type":"product","link":"https:\/\/savokusic.com\/prodaja\/proizvod\/chester-lb-cfp-za-posetioce\/","title":{"rendered":"Chester LB CFP &#8211; Za posetioce"},"content":{"rendered":"<p><span style=\"font-size: medium;\"><strong><span style=\"text-decoration: underline;\">Konferencijska stolica Chester specifikacje<\/span><\/strong><\/span><\/p>\n<table>\n<tbody>\n<tr>\n<td width=\"301\">\n<p style=\"text-align: center;\"><strong><span style=\"font-size: medium;\">Sedi\u0161te i naslon za sedenje<\/span><\/strong><\/p>\n<\/td>\n<td width=\"301\">\n<ul>\n<li>\u0161iroko udobno sedi\u0161te i ergonomski profilisani naslon<\/li>\n<li>Naslon na zadnjoj strani na obe strane<\/li>\n<\/ul>\n<\/td>\n<\/tr>\n<tr>\n<td width=\"301\">\n<p style=\"text-align: center;\"><strong><span style=\"font-size: medium;\">Ram<\/span><\/strong><\/p>\n<\/td>\n<td width=\"301\">\n<ul>\n<li>hromirani metalni okvir<\/li>\n<\/ul>\n<\/td>\n<\/tr>\n<tr>\n<td width=\"301\">\n<p style=\"text-align: center;\"><strong><span style=\"font-size: medium;\">Naslon za ruku<\/span><\/strong><\/p>\n<\/td>\n<td width=\"301\">\n<ul>\n<li>\u010deli\u010dni naslon za ruke sa drvenim jastu\u010dic\u0301ima<\/li>\n<\/ul>\n<\/td>\n<\/tr>\n<\/tbody>\n<\/table>\n<p>&nbsp;<\/p>\n<p><span style=\"font-size: medium;\">\u00a0<\/span><\/p>\n","protected":false},"excerpt":{"rendered":"<p>Konferencijska stolica Chester specifikacje Sedi\u0161te i naslon za sedenje \u0161iroko udobno sedi\u0161te i ergonomski profilisani naslon Naslon na zadnjoj strani na obe strane Ram hromirani metalni okvir Naslon za ruku \u010deli\u010dni naslon za ruke sa drvenim jastu\u010dic\u0301ima &nbsp; \u00a0<\/p>\n","protected":false},"featured_media":1740,"comment_status":"open","ping_status":"closed","template":"","meta":[],"product_brand":[],"product_cat":[231,246,238],"product_tag":[],"class_list":{"0":"post-1715","1":"product","2":"type-product","3":"status-publish","4":"has-post-thumbnail","6":"product_cat-kancelarija","7":"product_cat-konferencijske-stolice","8":"product_cat-stolice-2","9":"pa_back-eko-koza","10":"pa_basis-poliran-aluminijum","11":"pa_materials-prirodna-koza-le-0-9-1-1-mm","12":"pa_materials-prirodna-koza-sd-debljina-0-9-1-1-mm","13":"pa_prirodna-koza-le01","14":"pa_prirodna-koza-le06","15":"pa_prirodna-koza-le13","16":"pa_prirodna-koza-le14","17":"pa_prirodna-koza-q1","18":"pa_prirodna-koza-q10","19":"pa_prirodna-koza-q12","20":"pa_prirodna-koza-q14","21":"pa_prirodna-koza-q2","22":"pa_prirodna-koza-q7","23":"pa_prirodna-koza-q9","24":"pa_prirodna-koza-sd-01","25":"pa_prirodna-koza-sd-03","26":"pa_prirodna-koza-sd-04","27":"pa_prirodna-koza-sd-06","28":"pa_prirodna-koza-sd-07","29":"pa_prirodna-koza-sd-08","30":"pa_prirodna-koza-sd-09","31":"pa_prirodna-koza-sd-15","32":"pa_prirodna-koza-sd-16","33":"pa_prirodna-koza-sp-01","34":"pa_prirodna-koza-sp-02","35":"pa_prirodna-koza-sp-03","36":"pa_prirodna-koza-sp-06","37":"pa_prirodna-koza-sp-07","38":"pa_prirodna-koza-sp-11","39":"pa_prirodna-koza-sp-12","40":"pa_rukonasloni-fiksni","42":"first","43":"instock","44":"purchasable","45":"product-type-variable"},"_links":{"self":[{"href":"https:\/\/savokusic.com\/prodaja\/wp-json\/wp\/v2\/product\/1715","targetHints":{"allow":["GET"]}}],"collection":[{"href":"https:\/\/savokusic.com\/prodaja\/wp-json\/wp\/v2\/product"}],"about":[{"href":"https:\/\/savokusic.com\/prodaja\/wp-json\/wp\/v2\/types\/product"}],"replies":[{"embeddable":true,"href":"https:\/\/savokusic.com\/prodaja\/wp-json\/wp\/v2\/comments?post=1715"}],"wp:featuredmedia":[{"embeddable":true,"href":"https:\/\/savokusic.com\/prodaja\/wp-json\/wp\/v2\/media\/1740"}],"wp:attachment":[{"href":"https:\/\/savokusic.com\/prodaja\/wp-json\/wp\/v2\/media?parent=1715"}],"wp:term":[{"taxonomy":"product_brand","embeddable":true,"href":"https:\/\/savokusic.com\/prodaja\/wp-json\/wp\/v2\/product_brand?post=1715"},{"taxonomy":"product_cat","embeddable":true,"href":"https:\/\/savokusic.com\/prodaja\/wp-json\/wp\/v2\/product_cat?post=1715"},{"taxonomy":"product_tag","embeddable":true,"href":"https:\/\/savokusic.com\/prodaja\/wp-json\/wp\/v2\/product_tag?post=1715"}],"curies":[{"name":"wp","href":"https:\/\/api.w.org\/{rel}","templated":true}]}}