{"id":15152,"date":"2018-01-27T21:49:35","date_gmt":"2018-01-27T21:49:35","guid":{"rendered":"https:\/\/savokusic.com\/prodaja\/?post_type=product&#038;p=15152"},"modified":"2022-08-23T09:03:20","modified_gmt":"2022-08-23T08:03:20","slug":"intrata-mreza","status":"publish","type":"product","link":"https:\/\/savokusic.com\/prodaja\/proizvod\/intrata-mreza\/","title":{"rendered":"Intrata Mre\u017ea"},"content":{"rendered":"<p><span style=\"font-size: medium;\"><strong><span style=\"text-decoration: underline;\">Menad\u017eerska stolica Intrata mreza Specifikacije<\/span><\/strong><\/span><\/p>\n<table>\n<tbody>\n<tr>\n<td width=\"301\">\n<p style=\"text-align: center;\"><strong><span style=\"font-size: medium;\">Sedi\u0161te i naslon za sedenje<\/span><\/strong><\/p>\n<\/td>\n<td width=\"301\">\n<ul>\n<li>mekano tapacirano sedi\u0161te<\/li>\n<li>fini mre\u017eni naslon dostupan u nizu boja<\/li>\n<\/ul>\n<\/td>\n<\/tr>\n<tr>\n<td width=\"301\">\n<p style=\"text-align: center;\"><strong><span style=\"font-size: medium;\">Mehanizam<\/span><\/strong><\/p>\n<\/td>\n<td width=\"301\">\n<ul>\n<li>slobodno plivajuc\u0301e sedi\u0161te i naslon<\/li>\n<li>naslon i sinhro nagib sedala po stopi 2: 1<\/li>\n<li>maksimalni ugao nagiba naslona 20\u02da pri nagibu sedi\u0161ta od 11\u02da<\/li>\n<li>moguc\u0301nost zaklju\u010davanja sedi\u0161ta i naslona na 5 pozicija<\/li>\n<li>podesiva sila nagiba naslona<\/li>\n<li>Anti-shock &#8211; funkcija kontroli\u0161e naslon za le\u0111a kako bi se izbeglo udaranje korisnika nazad<\/li>\n<li>Up &amp; Dovn &#8211; jednostavno pode\u0161avanje visine naslona unazad zahvaljujuc\u0301i sistemu sa 10 ta\u010daka<\/li>\n<li>ravnomerno podesiva visina stolice sa pneumatskim podizanjem<\/li>\n<\/ul>\n<\/td>\n<\/tr>\n<tr>\n<td width=\"301\">\n<p style=\"text-align: center;\"><strong><span style=\"font-size: medium;\">Naslon za ruke<\/span><\/strong><\/p>\n<\/td>\n<td width=\"301\">\n<ul>\n<li>podesivi nasloni za ruke sa mekanim podlogama<\/li>\n<\/ul>\n<\/td>\n<\/tr>\n<tr>\n<td width=\"301\">\n<p style=\"text-align: center;\"><strong><span style=\"font-size: medium;\">Naslon za glavu<\/span><\/strong><\/p>\n<\/td>\n<td width=\"301\">\n<ul>\n<li>tapecirani naslon za glavu<\/li>\n<\/ul>\n<\/td>\n<\/tr>\n<tr>\n<td width=\"301\">\n<p style=\"text-align: center;\"><strong><span style=\"font-size: medium;\">Baza<\/span><\/strong><\/p>\n<\/td>\n<td width=\"301\">\n<ul>\n<li>kombinacija poliranog i obojenog u belom aluminijumu<\/li>\n<\/ul>\n<\/td>\n<\/tr>\n<tr>\n<td width=\"301\">\n<p style=\"text-align: center;\"><strong><span style=\"font-size: medium;\">Ostalo<\/span><\/strong><\/p>\n<\/td>\n<td width=\"301\">\n<ul>\n<li>raspolo\u017eiva verzija dostupna<\/li>\n<\/ul>\n<\/td>\n<\/tr>\n<\/tbody>\n<\/table>\n<p><span style=\"font-size: medium;\">\u00a0<\/span><\/p>\n","protected":false},"excerpt":{"rendered":"<p>Menad\u017eerska stolica Intrata mreza Specifikacije Sedi\u0161te i naslon za sedenje mekano tapacirano sedi\u0161te fini mre\u017eni naslon dostupan u nizu boja Mehanizam slobodno plivajuc\u0301e sedi\u0161te i naslon naslon i sinhro nagib sedala po stopi 2: 1 maksimalni ugao nagiba naslona 20\u02da pri nagibu sedi\u0161ta od 11\u02da moguc\u0301nost zaklju\u010davanja sedi\u0161ta i naslona na 5 pozicija podesiva sila [&hellip;]<\/p>\n","protected":false},"featured_media":30711,"comment_status":"open","ping_status":"closed","template":"","meta":[],"product_brand":[],"product_cat":[231,241,238],"product_tag":[],"class_list":{"0":"post-15152","1":"product","2":"type-product","3":"status-publish","4":"has-post-thumbnail","6":"product_cat-kancelarija","7":"product_cat-menadzerske-stolice","8":"product_cat-stolice-2","9":"pa_basis-poliamid","10":"pa_materials-prirodna-koza-le-0-9-1-1-mm","11":"pa_materials-prirodna-koza-sd-debljina-0-9-1-1-mm","12":"pa_mehanizam-sinhron-espt","13":"pa_mreza-op20-2","14":"pa_mreza-op24n-2","15":"pa_mreza-op25-2","16":"pa_mreza-op26-2","17":"pa_naslon-mreza","18":"pa_prirodna-koza-le01","19":"pa_prirodna-koza-le06","20":"pa_prirodna-koza-le13","21":"pa_prirodna-koza-le14","22":"pa_prirodna-koza-q1","23":"pa_prirodna-koza-q10","24":"pa_prirodna-koza-q12","25":"pa_prirodna-koza-q14","26":"pa_prirodna-koza-q2","27":"pa_prirodna-koza-q7","28":"pa_prirodna-koza-q9","29":"pa_prirodna-koza-sd-01","30":"pa_prirodna-koza-sd-03","31":"pa_prirodna-koza-sd-04","32":"pa_prirodna-koza-sd-06","33":"pa_prirodna-koza-sd-07","34":"pa_prirodna-koza-sd-08","35":"pa_prirodna-koza-sd-09","36":"pa_prirodna-koza-sd-15","37":"pa_prirodna-koza-sd-16","38":"pa_prirodna-koza-sp-01","39":"pa_prirodna-koza-sp-02","40":"pa_prirodna-koza-sp-03","41":"pa_prirodna-koza-sp-06","42":"pa_prirodna-koza-sp-07","43":"pa_prirodna-koza-sp-11","44":"pa_prirodna-koza-sp-12","45":"pa_rukonasloni-podesivi","47":"first","48":"instock","49":"purchasable","50":"product-type-variable"},"_links":{"self":[{"href":"https:\/\/savokusic.com\/prodaja\/wp-json\/wp\/v2\/product\/15152","targetHints":{"allow":["GET"]}}],"collection":[{"href":"https:\/\/savokusic.com\/prodaja\/wp-json\/wp\/v2\/product"}],"about":[{"href":"https:\/\/savokusic.com\/prodaja\/wp-json\/wp\/v2\/types\/product"}],"replies":[{"embeddable":true,"href":"https:\/\/savokusic.com\/prodaja\/wp-json\/wp\/v2\/comments?post=15152"}],"wp:featuredmedia":[{"embeddable":true,"href":"https:\/\/savokusic.com\/prodaja\/wp-json\/wp\/v2\/media\/30711"}],"wp:attachment":[{"href":"https:\/\/savokusic.com\/prodaja\/wp-json\/wp\/v2\/media?parent=15152"}],"wp:term":[{"taxonomy":"product_brand","embeddable":true,"href":"https:\/\/savokusic.com\/prodaja\/wp-json\/wp\/v2\/product_brand?post=15152"},{"taxonomy":"product_cat","embeddable":true,"href":"https:\/\/savokusic.com\/prodaja\/wp-json\/wp\/v2\/product_cat?post=15152"},{"taxonomy":"product_tag","embeddable":true,"href":"https:\/\/savokusic.com\/prodaja\/wp-json\/wp\/v2\/product_tag?post=15152"}],"curies":[{"name":"wp","href":"https:\/\/api.w.org\/{rel}","templated":true}]}}