{"id":1491,"date":"2018-01-20T00:40:35","date_gmt":"2018-01-20T00:40:35","guid":{"rendered":"https:\/\/savokusic.com\/prodaja\/?post_type=product&#038;p=1491"},"modified":"2022-08-23T09:01:25","modified_gmt":"2022-08-23T08:01:25","slug":"next-u-hrua","status":"publish","type":"product","link":"https:\/\/savokusic.com\/prodaja\/proizvod\/next-u-hrua\/","title":{"rendered":"Next U HRUA"},"content":{"rendered":"<p><span style=\"text-decoration: underline; font-size: medium;\"><strong>Stolica za kancelariju Next U\u00a0 Specifikacije <\/strong><\/span><\/p>\n<table>\n<tbody>\n<tr>\n<td width=\"301\">\n<p style=\"text-align: center;\"><strong><span style=\"font-size: medium;\">Sedi\u0161te i naslon za sedenje<\/span><\/strong><\/p>\n<\/td>\n<td width=\"301\">\n<ul>\n<li>\u0161iroko udobno sedi\u0161te i ergonomski profilisani naslon<\/li>\n<li>udoban, visok naslon<\/li>\n<li>naslon na zadnjoj strani na obe strane<\/li>\n<\/ul>\n<p>&nbsp;<\/td>\n<\/tr>\n<tr>\n<td width=\"301\">\n<p style=\"text-align: center;\"><strong><span style=\"font-size: medium;\">Mehanizam<\/span><\/strong><\/p>\n<\/td>\n<td width=\"301\">\n<ul>\n<li>slobodno plivajuc\u0301e sedi\u0161te i naslon<\/li>\n<li>naslon i sinhro nagib sjedala po stopi 2: 1<\/li>\n<li>maksimalni ugao nagiba naslona 22\u02da pri nagibu od 11\u02da<\/li>\n<li>moguc\u0301nost zaklju\u010davanja sedi\u0161ta i naslona na 5 pozicija<\/li>\n<li>podesiva sila nagiba naslona<\/li>\n<li>Anti-shock &#8211; funkcija kontroli\u0161e naslon za le\u0111a kako bi se izbeglo udaranje korisnika nazad<\/li>\n<li>ravnomerno podesiva visina stolice sa pneumatskim podizanjem<\/li>\n<\/ul>\n<\/td>\n<\/tr>\n<tr>\n<td width=\"301\">\n<p style=\"text-align: center;\"><strong><span style=\"font-size: medium;\">Naslon za ruku<\/span><\/strong><\/p>\n<\/td>\n<td width=\"301\">\n<ul>\n<li>fiksni naslon za ruku sa sjajnim aluminijumskim metalnim elementima i tapaciranim armpadima<\/li>\n<li>Naslon za glavu<\/li>\n<li>tapecirani, podesivi po 3 dimenzije naslona za glavu<\/li>\n<\/ul>\n<\/td>\n<\/tr>\n<tr>\n<td width=\"301\">\n<p style=\"text-align: center;\"><strong><span style=\"font-size: medium;\">Baza<\/span><\/strong><\/p>\n<\/td>\n<td width=\"301\">\n<ul>\n<li>\u010delik, hrom<\/li>\n<\/ul>\n<\/td>\n<\/tr>\n<\/tbody>\n<\/table>\n<p><span style=\"font-size: medium;\">\u00a0<\/span><\/p>\n","protected":false},"excerpt":{"rendered":"<p>Stolica za kancelariju Next U\u00a0 Specifikacije Sedi\u0161te i naslon za sedenje \u0161iroko udobno sedi\u0161te i ergonomski profilisani naslon udoban, visok naslon naslon na zadnjoj strani na obe strane &nbsp; Mehanizam slobodno plivajuc\u0301e sedi\u0161te i naslon naslon i sinhro nagib sjedala po stopi 2: 1 maksimalni ugao nagiba naslona 22\u02da pri nagibu od 11\u02da moguc\u0301nost zaklju\u010davanja [&hellip;]<\/p>\n","protected":false},"featured_media":30775,"comment_status":"open","ping_status":"closed","template":"","meta":[],"product_brand":[],"product_cat":[231,241,238],"product_tag":[],"class_list":{"0":"post-1491","1":"product","2":"type-product","3":"status-publish","4":"has-post-thumbnail","6":"product_cat-kancelarija","7":"product_cat-menadzerske-stolice","8":"product_cat-stolice-2","9":"pa_basis-poliran-aluminijum","10":"pa_glavonasloni-podesivi-2","11":"pa_materials-prirodna-koza-le-0-9-1-1-mm","12":"pa_mehanizam-sinhron-espt","13":"pa_prirodna-koza-le01","14":"pa_prirodna-koza-le06","15":"pa_prirodna-koza-le13","16":"pa_prirodna-koza-le14","17":"pa_prirodna-koza-q1","18":"pa_prirodna-koza-q10","19":"pa_prirodna-koza-q12","20":"pa_prirodna-koza-q14","21":"pa_prirodna-koza-q2","22":"pa_prirodna-koza-q7","23":"pa_prirodna-koza-q9","24":"pa_prirodna-koza-sd-01","25":"pa_prirodna-koza-sd-03","26":"pa_prirodna-koza-sd-04","27":"pa_prirodna-koza-sd-06","28":"pa_prirodna-koza-sd-07","29":"pa_prirodna-koza-sd-08","30":"pa_prirodna-koza-sd-09","31":"pa_prirodna-koza-sd-15","32":"pa_prirodna-koza-sd-16","33":"pa_prirodna-koza-sp-01","34":"pa_prirodna-koza-sp-02","35":"pa_prirodna-koza-sp-03","36":"pa_prirodna-koza-sp-06","37":"pa_prirodna-koza-sp-07","38":"pa_prirodna-koza-sp-11","39":"pa_prirodna-koza-sp-12","40":"pa_rukonasloni-podesivi","42":"first","43":"instock","44":"purchasable","45":"product-type-variable"},"_links":{"self":[{"href":"https:\/\/savokusic.com\/prodaja\/wp-json\/wp\/v2\/product\/1491","targetHints":{"allow":["GET"]}}],"collection":[{"href":"https:\/\/savokusic.com\/prodaja\/wp-json\/wp\/v2\/product"}],"about":[{"href":"https:\/\/savokusic.com\/prodaja\/wp-json\/wp\/v2\/types\/product"}],"replies":[{"embeddable":true,"href":"https:\/\/savokusic.com\/prodaja\/wp-json\/wp\/v2\/comments?post=1491"}],"wp:featuredmedia":[{"embeddable":true,"href":"https:\/\/savokusic.com\/prodaja\/wp-json\/wp\/v2\/media\/30775"}],"wp:attachment":[{"href":"https:\/\/savokusic.com\/prodaja\/wp-json\/wp\/v2\/media?parent=1491"}],"wp:term":[{"taxonomy":"product_brand","embeddable":true,"href":"https:\/\/savokusic.com\/prodaja\/wp-json\/wp\/v2\/product_brand?post=1491"},{"taxonomy":"product_cat","embeddable":true,"href":"https:\/\/savokusic.com\/prodaja\/wp-json\/wp\/v2\/product_cat?post=1491"},{"taxonomy":"product_tag","embeddable":true,"href":"https:\/\/savokusic.com\/prodaja\/wp-json\/wp\/v2\/product_tag?post=1491"}],"curies":[{"name":"wp","href":"https:\/\/api.w.org\/{rel}","templated":true}]}}